{"id":1099,"date":"2021-09-13T15:14:31","date_gmt":"2021-09-13T14:14:31","guid":{"rendered":"http:\/\/www.cervstratel.com\/?page_id=1099"},"modified":"2025-04-14T15:59:37","modified_gmt":"2025-04-14T14:59:37","slug":"at-308","status":"publish","type":"page","link":"https:\/\/www.cervstratel.com\/?page_id=1099","title":{"rendered":"AT-308"},"content":{"rendered":"<p style=\"text-align: right;\"><a href=\"http:\/\/www.cervstratel.com\/wp-content\/uploads\/2021\/09\/CERVstratel_Datasheet-AT-308-wireless-receiver-1.pdf\" target=\"_blank\">T\u00e9l\u00e9charger le fichier au format .pdf<\/a><a href=\"http:\/\/www.cervstratel.com\/wp-content\/uploads\/2021\/09\/CERVstratel_Datasheet-AT-308-wireless-receiver-1.pdf\" target=\"_blank\"><img decoding=\"async\" class=\" wp-image-243 alignnone\" src=\"http:\/\/www.cervstratel.com\/wp-content\/uploads\/2015\/02\/PDF-Icon.png\" alt=\"PDF-Icon\" width=\"60\" \/><\/a><\/p>\n<hr \/>\n<table border=\"0\" width=\"100%\">\n<tbody>\n<tr>\n<td width=\"900\"><img loading=\"lazy\" decoding=\"async\" src=\"http:\/\/www.cervstratel.com\/wp-content\/uploads\/2021\/09\/logo-visonic.png\" alt=\"\" width=\"115\" height=\"46\" \/><\/td>\n<td width=\"594\"><img loading=\"lazy\" decoding=\"async\" src=\"http:\/\/www.cervstratel.com\/wp-content\/uploads\/2021\/09\/logo_powerG.gif\" alt=\"\" width=\"115\" height=\"46\" \/><\/td>\n<\/tr>\n<\/tbody>\n<\/table>\n<table width=\"100%\">\n<tbody>\n<tr>\n<td width=\"300\">\n<h2><span style=\"color: #0066cc;\">AT-308<\/span><\/h2>\n<h4><span style=\"color: #0066cc;\">R\u00e9cepteur radio 4 canaux<\/span><\/h4>\n<\/td>\n<td><img loading=\"lazy\" decoding=\"async\" src=\"http:\/\/www.cervstratel.com\/wp-content\/uploads\/2021\/09\/AT-308.png\" alt=\"\" width=\"215\" height=\"46\" \/><\/td>\n<\/tr>\n<\/tbody>\n<\/table>\n<table border=\"0\" width=\"100%\">\n<tbody>\n<tr>\n<td>L\u2019AT 308 (4 canaux) est un r\u00e9cepteur sans fil universel adapt\u00e9 \u00e0 la r\u00e9ception des p\u00e9riph\u00e9riques radios<br \/>\nVisonic PowerG (2-way) 868MHz. Les p\u00e9riph\u00e9riques peuvent \u00eatre des pendentifs \/montre, des boutons<br \/>\npanique, des t\u00e9l\u00e9commandes ou divers d\u00e9tecteurs sans fil.<\/p>\n<h2>Extension radio<\/h2>\n<p>Au total, 16 \u00e9metteurs\/d\u00e9tecteurs sans fil peuvent \u00eatre enregistr\u00e9s dans les r\u00e9cepteurs AT-308. La<br \/>\nfr\u00e9quence radio utilis\u00e9e est 868 MHz et les p\u00e9riph\u00e9riques radios doivent transmettre le protocole Visonic<br \/>\nVisonic PowerG 868MHz.<\/p>\n<h2>Universel<\/h2>\n<p>L\u2019AT-308 propose une configuration universelle et peut \u00eatre utilis\u00e9 en combinaison avec une large gamme<br \/>\nde p\u00e9riph\u00e9riques PowerG 868Mhz sans fil et donc adapt\u00e9s \u00e0 diff\u00e9rents types d\u2019applications.<br \/>\nQuelques exemples de ces applications :<br \/>\n\u2022 Extension des d\u00e9tecteurs<br \/>\n\u2022 Appel \u00e0 l\u2019aide sur un panneau de commande c\u00e2bl\u00e9<br \/>\n\u2022 Syst\u00e8me d\u2019appel d\u2019infirmi\u00e8res<br \/>\n\u2022 Contr\u00f4le sans fil \/ activation des syst\u00e8mes.<\/td>\n<\/tr>\n<\/tbody>\n<\/table>\n<h2>Sp\u00e9cifications<\/h2>\n<table width=\"100%\">\n<tbody>\n<tr>\n<td>Mod\u00e8les<\/td>\n<td>AT-308 PowerG 868Mhz 4 canaux (art.code. 0098007670)<\/td>\n<\/tr>\n<tr>\n<td>Compatible<\/td>\n<td>Visonic PowerG 2-way 868Mhz \u00e9metteurs et\/ou d\u00e9tecteurs<\/td>\n<\/tr>\n<tr>\n<td><b>Sorties<\/b><\/td>\n<\/tr>\n<tr>\n<td>Relais<\/td>\n<td>4 Relais &#8211; Alarme, max. 30VDC\/1A<\/td>\n<\/tr>\n<tr>\n<td>Collecteur ouvert<\/td>\n<td>3 Sorties \u2013 Batterie basse, Supervision, Tamper, max. 100mA<\/td>\n<\/tr>\n<tr>\n<td>Fr\u00e9quence<\/td>\n<td>868,95MHz (haut d\u00e9bit)<\/td>\n<\/tr>\n<tr>\n<td><b>Donn\u00e9es<\/b><\/td>\n<\/tr>\n<tr>\n<td>Codes ID<\/td>\n<td>Plus de 16 millions de combinaisons possibles<\/td>\n<\/tr>\n<tr>\n<td>Poids donn\u00e9es<\/td>\n<td>36 bits<\/td>\n<\/tr>\n<tr>\n<td>M\u00e9moire<\/td>\n<td>Maximum de 16 composants sans fil<\/td>\n<\/tr>\n<tr>\n<td><b>\u00c9lectrique<\/b><\/td>\n<\/tr>\n<tr>\n<td>Alimentation \u00e9lectrique<\/td>\n<td>10-16VDC<\/td>\n<\/tr>\n<tr>\n<td>Consommation d\u2019\u00e9nergie<\/td>\n<td>Environ 32mA<\/td>\n<\/tr>\n<tr>\n<td><b>G\u00e9n\u00e9ralit\u00e9s<\/b><\/td>\n<\/tr>\n<tr>\n<td>Temp\u00e9rature de<br \/>\nfonctionnement<\/td>\n<td>0\u00ba C \u00e0 50\u00ba C<\/td>\n<\/tr>\n<tr>\n<td>Dimensions (L x W x H)<\/td>\n<td>108 x 165 x 38 mm<\/td>\n<\/tr>\n<\/tbody>\n<\/table>\n<p>&nbsp;<\/p>\n<h2>Compatibilit\u00e9 PowerG<\/h2>\n<table width=\"100%\">\n<tbody>\n<tr>\n<td>P\u00e9riph\u00e9rique<\/td>\n<td>AT-308<\/td>\n<\/tr>\n<tr>\n<td>MP-802<\/td>\n<td>&#x2714;<\/td>\n<\/tr>\n<tr>\n<td>NEXT CAM K9-85<\/td>\n<td>X<\/td>\n<\/tr>\n<tr>\n<td>CLIP<\/td>\n<td>&#x2714;<\/td>\n<\/tr>\n<tr>\n<td>TOWER-20 AM<\/td>\n<td>&#x2714;<\/td>\n<\/tr>\n<tr>\n<td>TOWER-30 AM<\/td>\n<td>&#x2714;<\/td>\n<\/tr>\n<tr>\n<td>TOWER-32 AM<\/td>\n<td>&#x2714;<\/td>\n<\/tr>\n<tr>\n<td>TOWER CAM<\/td>\n<td>X<\/td>\n<\/tr>\n<tr>\n<td>MP-902<\/td>\n<td>&#x2714;<\/td>\n<\/tr>\n<tr>\n<td>MC-302E<\/td>\n<td>&#x2714; (aimant uniquement)<\/td>\n<\/tr>\n<tr>\n<td>MC-303<\/td>\n<td>&#x2714;<\/td>\n<\/tr>\n<tr>\n<td>MC-312<\/td>\n<td>&#x2714; (aimant uniquement)<\/td>\n<\/tr>\n<tr>\n<td>SMD-429<\/td>\n<td>&#x2714;<\/td>\n<\/tr>\n<tr>\n<td>GB-502<\/td>\n<td>&#x2714;<\/td>\n<\/tr>\n<tr>\n<td>SD-304<\/td>\n<td>&#x2714; (choc uniquement)<\/td>\n<\/tr>\n<tr>\n<td>GSD-442<\/td>\n<td>&#x2714;<\/td>\n<\/tr>\n<tr>\n<td>FLD-550<\/td>\n<td>&#x2714;<\/td>\n<\/tr>\n<tr>\n<td>PB-101<\/td>\n<td>&#x2714;<\/td>\n<\/tr>\n<tr>\n<td>PB-102<\/td>\n<td>&#x2714;<\/td>\n<\/tr>\n<tr>\n<td>RP-600<\/td>\n<td>X<\/td>\n<\/tr>\n<tr>\n<td>KF-234<\/td>\n<td>&#x2714;<\/td>\n<\/tr>\n<tr>\n<td>KF-235<\/td>\n<td>&#x2714;<\/td>\n<\/tr>\n<tr>\n<td>KP-141<\/td>\n<td>X<\/td>\n<\/tr>\n<tr>\n<td>KP-160<\/td>\n<td>X<\/td>\n<\/tr>\n<tr>\n<td>KP-250<\/td>\n<td>X<\/td>\n<\/tr>\n<tr>\n<td>SR-720<\/td>\n<td>X<\/td>\n<\/tr>\n<tr>\n<td>SR-740<\/td>\n<td>X<\/td>\n<\/tr>\n<\/tbody>\n<\/table>\n<hr \/>\n<p><span style=\"text-decoration: underline;\"><a href=\"#\"> <big>Haut de page<\/big> <\/a><\/span><\/p>\n","protected":false},"excerpt":{"rendered":"<p>T\u00e9l\u00e9charger le fichier au format .pdf AT-308 R\u00e9cepteur radio 4 canaux L\u2019AT 308 (4 canaux) est un r\u00e9cepteur sans fil universel adapt\u00e9 \u00e0 la r\u00e9ception des p\u00e9riph\u00e9riques radios Visonic PowerG (2-way) 868MHz. Les p\u00e9riph\u00e9riques peuvent \u00eatre des pendentifs \/montre, des boutons panique, des t\u00e9l\u00e9commandes ou divers d\u00e9tecteurs sans fil. Extension radio Au total, 16 \u00e9metteurs\/d\u00e9tecteurs [&hellip;]<\/p>\n","protected":false},"author":3,"featured_media":0,"parent":0,"menu_order":0,"comment_status":"closed","ping_status":"closed","template":"templates\/template-sidebar-none.php","meta":{"footnotes":""},"class_list":["post-1099","page","type-page","status-publish","hentry"],"_links":{"self":[{"href":"https:\/\/www.cervstratel.com\/index.php?rest_route=\/wp\/v2\/pages\/1099","targetHints":{"allow":["GET"]}}],"collection":[{"href":"https:\/\/www.cervstratel.com\/index.php?rest_route=\/wp\/v2\/pages"}],"about":[{"href":"https:\/\/www.cervstratel.com\/index.php?rest_route=\/wp\/v2\/types\/page"}],"author":[{"embeddable":true,"href":"https:\/\/www.cervstratel.com\/index.php?rest_route=\/wp\/v2\/users\/3"}],"replies":[{"embeddable":true,"href":"https:\/\/www.cervstratel.com\/index.php?rest_route=%2Fwp%2Fv2%2Fcomments&post=1099"}],"version-history":[{"count":36,"href":"https:\/\/www.cervstratel.com\/index.php?rest_route=\/wp\/v2\/pages\/1099\/revisions"}],"predecessor-version":[{"id":1318,"href":"https:\/\/www.cervstratel.com\/index.php?rest_route=\/wp\/v2\/pages\/1099\/revisions\/1318"}],"wp:attachment":[{"href":"https:\/\/www.cervstratel.com\/index.php?rest_route=%2Fwp%2Fv2%2Fmedia&parent=1099"}],"curies":[{"name":"wp","href":"https:\/\/api.w.org\/{rel}","templated":true}]}}