{"id":1153,"date":"2021-09-15T09:14:57","date_gmt":"2021-09-15T08:14:57","guid":{"rendered":"http:\/\/www.cervstratel.com\/?page_id=1153"},"modified":"2025-04-14T16:07:26","modified_gmt":"2025-04-14T15:07:26","slug":"powermanage","status":"publish","type":"page","link":"https:\/\/www.cervstratel.com\/?page_id=1153","title":{"rendered":"Powermanage"},"content":{"rendered":"<p style=\"text-align: right;\"><a href=\"http:\/\/www.cervstratel.com\/wp-content\/uploads\/2021\/09\/PowerManage_ds_hs_FR.pdf\" target=\"_blank\">T\u00e9l\u00e9charger le fichier au format .pdf<\/a><a href=\"http:\/\/www.cervstratel.com\/wp-content\/uploads\/2021\/09\/PowerManage_ds_hs_FR.pdf\" target=\"_blank\"><img decoding=\"async\" class=\" wp-image-243 alignnone\" src=\"http:\/\/www.cervstratel.com\/wp-content\/uploads\/2015\/02\/PDF-Icon.png\" alt=\"PDF-Icon\" width=\"60\" \/><\/a><\/p>\n<hr \/>\n<table border=\"0\" width=\"100%\">\n<tbody>\n<tr>\n<td width=\"900\"><img loading=\"lazy\" decoding=\"async\" src=\"http:\/\/www.cervstratel.com\/wp-content\/uploads\/2021\/09\/logo-visonic.png\" alt=\"\" width=\"115\" height=\"46\" \/><\/td>\n<td width=\"594\"><\/td>\n<\/tr>\n<\/tbody>\n<\/table>\n<table width=\"100%\">\n<tbody>\n<tr>\n<td width=\"300\">\n<h2><span style=\"color: #0066cc;\">Powermanage<\/span><\/h2>\n<h4><span style=\"color: #0066cc;\">Plateforme de gestion de s\u00e9curit\u00e9 bas\u00e9e sur IP<\/span><\/h4>\n<\/td>\n<td><img loading=\"lazy\" decoding=\"async\" src=\"http:\/\/www.cervstratel.com\/wp-content\/uploads\/2021\/09\/ipmp.png\" alt=\"\" width=\"215\" height=\"46\" \/><\/td>\n<\/tr>\n<\/tbody>\n<\/table>\n<table>\n<tbody>\n<tr>\n<td>\n<h2>Une plateforme de gestion de services<br \/>\navanc\u00e9e<\/h2>\n<p>PowerManage est une plateforme de gestion de services avanc\u00e9e qui permet aux entreprises qui centralisent la t\u00e9l\u00e9surveillance, de surveiller, g\u00e9rer et contr\u00f4ler efficacement les syst\u00e8mes de s\u00e9curit\u00e9 Tyco, tels que PowerSeries Pro, PowerSeries Neo, PowerMaster, WP et BW.<br \/>\n\u00c0 la fois r\u00e9cepteur IP, centre de gestion technique et plateforme d\u2019acc\u00e8s pour les utilisateurs finaux, PowerManage s\u2019ex\u00e9cute sur les serveurs professionnels et les technologies Web \u00e9prouv\u00e9es standard, avec les plus hauts niveaux de cybers\u00e9curit\u00e9. La plateforme peut aussi \u00eatre impl\u00e9ment\u00e9e dans un environnement VM (machine virtuelle) et h\u00e9berg\u00e9e sur le cloud JCI.*<\/p>\n<h2>Technologie<\/h2>\n<p>PowerManage est un syst\u00e8me de gestion bas\u00e9 sur Linux. Il offre une base de donn\u00e9es SQL int\u00e9gr\u00e9e et s\u2019int\u00e8gre facilement dans n\u2019importe quel syst\u00e8me de gestion centralis\u00e9 (SGC). C\u2019est un syst\u00e8me \u00e9volutif, qui fournit des solutions aussi bien pour les petites installations que pour les grands d\u00e9ploiements comptant jusqu\u2019\u00e0 100 000 centrales par serveur.<\/p>\n<h2>Disponibilit\u00e9<\/h2>\n<p>Assurez une haute disponibilit\u00e9 des syst\u00e8mes avec les solutions \u00e9volutives de reprise sur sinistre de PowerManage :<br \/>\n\u2022 Redondance locale \u00e0 deux serveurs avec reprise imm\u00e9diate : en cas de dysfonctionnement du logiciel ou de panne mat\u00e9rielle, le syst\u00e8me bascule automatiquement sur le serveur redondant.<br \/>\n\u2022 Redondance g\u00e9ographique multisite avec deux serveurs situ\u00e9s dans deux emplacements distincts en mode duplication : en cas de panne sur le site principal, tous les services peuvent \u00eatre d\u00e9plac\u00e9s sur le site redondant.<br \/>\n\u2022 Redondance locale et g\u00e9ographique de qualit\u00e9 porteuse : utilis\u00e9e principalement par les clients qui veulent b\u00e9n\u00e9ficier de la plus haute disponibilit\u00e9 syst\u00e8me qui soit, avec un risque minimal d\u2019interruption des services.<\/p>\n<h2>Principaux avantages<\/h2>\n<p>R\u00e9cepteur IP :<br \/>\n\u2022 Permet la surveillance en temps r\u00e9el des alarmes et des \u00e9v\u00e9nements<br \/>\n\u2022 R\u00e9duit les interventions sur site inutiles en permettant la v\u00e9rification des alarmes visuelles et en fournissant des outils de reporting avanc\u00e9s Centre de gestion technique :<br \/>\n\u2022 Am\u00e9liore la productivit\u00e9 de l\u2019\u00e9quipe d\u2019assistance technique et r\u00e9duit consid\u00e9rablement les interventions sur site en permettant l\u2019inspection \u00e0 distance p\u00e9riodique, la programmation syst\u00e8me, les diagnostics et les mises \u00e0 niveau de microprogramme** \u00e0 distance<br \/>\n\u2022 Fournit aux installateurs un acc\u00e8s ais\u00e9 aux centrales via une application d\u00e9di\u00e9e Acc\u00e8s \u00e0 distance pour les utilisateurs finaux :<br \/>\n\u2022 Permet aux utilisateurs finaux d\u2019interagir avec leur syst\u00e8me de s\u00e9curit\u00e9 via un smartphone<br \/>\n\u2022 Permet la v\u00e9rification des alarmes visuelles et la surveillance des alarmes par les utilisateurs finaux<br \/>\n\u2022 Augmente la facilit\u00e9 et la commodit\u00e9 d\u2019utilisation gr\u00e2ce \u00e0 la prise en charge multilingue<\/p>\n<h2>Compatibilit\u00e9 avec les centrales<\/h2>\n<p>Syst\u00e8mes PowerMaster et PowerMax. Pour plus d\u2019informations<\/p>\n<h2>Compatibilit\u00e9 avec les applications<\/h2>\n<p>Application utilisateur ConnectAlarm et Visonic-GO<br \/>\nApplications pour installateurs AlarmInstall\n<\/td>\n<\/tr>\n<\/tbody>\n<\/table>\n<hr \/>\n<p><span style=\"text-decoration: underline;\"><a href=\"#\"> <big>Haut de page<\/big> <\/a><\/span><\/p>\n","protected":false},"excerpt":{"rendered":"<p>T\u00e9l\u00e9charger le fichier au format .pdf Powermanage Plateforme de gestion de s\u00e9curit\u00e9 bas\u00e9e sur IP Une plateforme de gestion de services avanc\u00e9e PowerManage est une plateforme de gestion de services avanc\u00e9e qui permet aux entreprises qui centralisent la t\u00e9l\u00e9surveillance, de surveiller, g\u00e9rer et contr\u00f4ler efficacement les syst\u00e8mes de s\u00e9curit\u00e9 Tyco, tels que PowerSeries Pro, PowerSeries [&hellip;]<\/p>\n","protected":false},"author":3,"featured_media":0,"parent":0,"menu_order":0,"comment_status":"closed","ping_status":"closed","template":"templates\/template-sidebar-none.php","meta":{"footnotes":""},"class_list":["post-1153","page","type-page","status-publish","hentry"],"_links":{"self":[{"href":"https:\/\/www.cervstratel.com\/index.php?rest_route=\/wp\/v2\/pages\/1153","targetHints":{"allow":["GET"]}}],"collection":[{"href":"https:\/\/www.cervstratel.com\/index.php?rest_route=\/wp\/v2\/pages"}],"about":[{"href":"https:\/\/www.cervstratel.com\/index.php?rest_route=\/wp\/v2\/types\/page"}],"author":[{"embeddable":true,"href":"https:\/\/www.cervstratel.com\/index.php?rest_route=\/wp\/v2\/users\/3"}],"replies":[{"embeddable":true,"href":"https:\/\/www.cervstratel.com\/index.php?rest_route=%2Fwp%2Fv2%2Fcomments&post=1153"}],"version-history":[{"count":14,"href":"https:\/\/www.cervstratel.com\/index.php?rest_route=\/wp\/v2\/pages\/1153\/revisions"}],"predecessor-version":[{"id":1169,"href":"https:\/\/www.cervstratel.com\/index.php?rest_route=\/wp\/v2\/pages\/1153\/revisions\/1169"}],"wp:attachment":[{"href":"https:\/\/www.cervstratel.com\/index.php?rest_route=%2Fwp%2Fv2%2Fmedia&parent=1153"}],"curies":[{"name":"wp","href":"https:\/\/api.w.org\/{rel}","templated":true}]}}