{"id":1179,"date":"2021-09-30T10:34:51","date_gmt":"2021-09-30T09:34:51","guid":{"rendered":"http:\/\/www.cervstratel.com\/?page_id=1179"},"modified":"2025-04-14T16:00:52","modified_gmt":"2025-04-14T15:00:52","slug":"kit-anti-fugue-autonome","status":"publish","type":"page","link":"https:\/\/www.cervstratel.com\/?page_id=1179","title":{"rendered":"Kit anti-fugue autonome"},"content":{"rendered":"<p style=\"text-align: right;\"><a href=\"http:\/\/www.cervstratel.com\/wp-content\/uploads\/2021\/09\/CERVstratel_kit-autonome_brochure.pdf\" target=\"_blank\">T\u00e9l\u00e9charger le fichier au format .pdf<\/a><a href=\"http:\/\/www.cervstratel.com\/wp-content\/uploads\/2021\/09\/CERVstratel_kit-autonome_brochure.pdf\" target=\"_blank\"><img decoding=\"async\" class=\" wp-image-243 alignnone\" src=\"http:\/\/www.cervstratel.com\/wp-content\/uploads\/2015\/02\/PDF-Icon.png\" alt=\"PDF-Icon\" width=\"60\" \/><\/a><\/p>\n<hr \/>\n<table border=\"0\" width=\"100%\">\n<tbody>\n<tr>\n<td width=\"900\"><img decoding=\"async\" src=\"http:\/\/www.cervstratel.com\/wp-content\/uploads\/2015\/02\/slide0005_image007.png\" alt=\"\" width=\"215\" \/><\/td>\n<td width=\"594\"><img loading=\"lazy\" decoding=\"async\" src=\"http:\/\/www.cervstratel.com\/wp-content\/uploads\/2021\/09\/elpas-centrak.jpg\" alt=\"\" width=\"115\" height=\"46\" \/><\/td>\n<\/tr>\n<\/tbody>\n<\/table>\n<p><img decoding=\"async\" src=\"http:\/\/www.cervstratel.com\/wp-content\/uploads\/2021\/09\/mains.png\"\/><\/p>\n<h2>S\u00e9curisation des issues<\/h2>\n<p>&nbsp;<\/p>\n<h2>GARDEZ LES PATIENTS DESORIENTES EN TOUTE S\u00c9CURIT\u00c9<\/h2>\n<p>Le kit autonome de protection de porte est une solution \u00e9conomique de protection des r\u00e9sidents des \u00e9tablissement pour personnes \u00e2g\u00e9es, des patients d\u00e9sorient\u00e9s ou atteints de la maladie d\u2019Alzheimer, ou des patients des \u00e9tablissements de soins. Il s\u2019agit d\u2019un kit de base de surveillance et de protection des portes con\u00e7u pour r\u00e9pondre aux besoins de votre \u00e9tablissement.<br \/>\nLe kit autonome 1 porte est id\u00e9al pour les \u00e9tablissements de soins pour personnes \u00e2g\u00e9es qui ont besoin d\u2019une solution rapide et \u00e9conomique pour les r\u00e9sidents ou les patients d\u00e9sorient\u00e9s.<\/p>\n<table border=\"0\" width=\"100%\">\n<tbody>\n<tr>\n<td>Le kit autonome r\u00e9duit la n\u00e9cessit\u00e9 de surveiller en permanence les patients d\u00e9sorient\u00e9s ou de restreindre<br \/>\nexcessivement leur ind\u00e9pendance. Il permet aux soignants, aux visiteurs, aux autres r\u00e9sidents ou aux membres de la famille de franchir un acc\u00e8s prot\u00e9g\u00e9 tout en emp\u00eachant les patients d\u00e9sorient\u00e9s non surveill\u00e9s de sortir par la porte.<br \/>\nChaque patient re\u00e7oit un badge plac\u00e9 au poignet qui lui permet de se d\u00e9placer librement \u00e0 l\u2019int\u00e9rieur du b\u00e2timent<br \/>\nou de la r\u00e9sidence. Si le patient s\u2019approche de la porte prot\u00e9g\u00e9e et qu\u2019il n\u2019est pas autoris\u00e9 \u00e0 la franchir sans<br \/>\nescorte, le kit autonome d\u00e9clenchera automatiquement l\u2019alerte.<\/td>\n<td width=\"40%\"><img decoding=\"async\" src=\"http:\/\/www.cervstratel.com\/wp-content\/uploads\/2021\/09\/plan.png\" alt=\"\"  \/><\/td>\n<\/tr>\n<\/tbody>\n<\/table>\n<p>Le kit autonome peut \u00eatre \u00e9galement utilis\u00e9e comme solution pour automatiser le d\u00e9verrouillage des portes si des r\u00e9sidents en fauteuil roulant ont besoin d\u2019un acc\u00e8s mains libres. Contactez votre repr\u00e9sentant commercial pour de plus amples renseignements.<\/p>\n<h2>Kit tout-en-un :<\/h2>\n<p> Comprend tous les produits n\u00e9cessaires pour prot\u00e9ger un acc\u00e8s.<\/p>\n<h2>Simple \u00e0 installer :<\/h2>\n<p> L\u2019installation peut \u00eatre effectu\u00e9e par n\u2019importe quel \u00e9lectricien exp\u00e9riment\u00e9 ou technicien de s\u00e9curit\u00e9 \/ alarme.<\/p>\n<h2>Alarme fiable :<\/h2>\n<p> Ne sonne que lorsqu\u2019un patient a franchi la porte prot\u00e9g\u00e9e sans autorisation.<\/p>\n<h2>Option escorte :<\/h2>\n<p> Les patients peuvent \u00eatre escort\u00e9s pour franchir la porte prot\u00e9g\u00e9e par des membres du personnel sans d\u00e9clencher d\u2019alerte.<\/p>\n<h2>Syst\u00e8me \u00e9volutif :<\/h2>\n<p> De nouveaux badges peuvent \u00eatre ajout\u00e9s \u00e0 l\u2019installation de base. La protection peut \u00eatre \u00e9tendue \u00e0 tout le b\u00e2timent en fonction des besoins.<\/p>\n<h2>Norme internationale :<\/h2>\n<p> conforme CE, FCC et IC<\/p>\n<table border=\"0\" width=\"100%\">\n<tbody>\n<tr>\n<td width=\"40%\">\n<h2>Composition du kit de base<\/h2>\n<p><img decoding=\"async\" src=\"http:\/\/www.cervstratel.com\/wp-content\/uploads\/2021\/09\/door-kit-basic.gif\" alt=\"\"  ><\/td>\n<td><img decoding=\"async\" src=\"http:\/\/www.cervstratel.com\/wp-content\/uploads\/2021\/09\/entr\u00e9e.png\"\/><\/td>\n<\/tr>\n<\/tbody>\n<\/table>\n<hr \/>\n<p><span style=\"text-decoration: underline;\"><a href=\"#\"> <big>Haut de page<\/big> <\/a><\/span><\/p>\n","protected":false},"excerpt":{"rendered":"<p>T\u00e9l\u00e9charger le fichier au format .pdf S\u00e9curisation des issues &nbsp; GARDEZ LES PATIENTS DESORIENTES EN TOUTE S\u00c9CURIT\u00c9 Le kit autonome de protection de porte est une solution \u00e9conomique de protection des r\u00e9sidents des \u00e9tablissement pour personnes \u00e2g\u00e9es, des patients d\u00e9sorient\u00e9s ou atteints de la maladie d\u2019Alzheimer, ou des patients des \u00e9tablissements de soins. Il s\u2019agit [&hellip;]<\/p>\n","protected":false},"author":3,"featured_media":0,"parent":0,"menu_order":0,"comment_status":"closed","ping_status":"closed","template":"templates\/template-sidebar-none.php","meta":{"footnotes":""},"class_list":["post-1179","page","type-page","status-publish","hentry"],"_links":{"self":[{"href":"https:\/\/www.cervstratel.com\/index.php?rest_route=\/wp\/v2\/pages\/1179","targetHints":{"allow":["GET"]}}],"collection":[{"href":"https:\/\/www.cervstratel.com\/index.php?rest_route=\/wp\/v2\/pages"}],"about":[{"href":"https:\/\/www.cervstratel.com\/index.php?rest_route=\/wp\/v2\/types\/page"}],"author":[{"embeddable":true,"href":"https:\/\/www.cervstratel.com\/index.php?rest_route=\/wp\/v2\/users\/3"}],"replies":[{"embeddable":true,"href":"https:\/\/www.cervstratel.com\/index.php?rest_route=%2Fwp%2Fv2%2Fcomments&post=1179"}],"version-history":[{"count":27,"href":"https:\/\/www.cervstratel.com\/index.php?rest_route=\/wp\/v2\/pages\/1179\/revisions"}],"predecessor-version":[{"id":1212,"href":"https:\/\/www.cervstratel.com\/index.php?rest_route=\/wp\/v2\/pages\/1179\/revisions\/1212"}],"wp:attachment":[{"href":"https:\/\/www.cervstratel.com\/index.php?rest_route=%2Fwp%2Fv2%2Fmedia&parent=1179"}],"curies":[{"name":"wp","href":"https:\/\/api.w.org\/{rel}","templated":true}]}}