{"id":1260,"date":"2021-10-06T16:25:39","date_gmt":"2021-10-06T15:25:39","guid":{"rendered":"http:\/\/www.cervstratel.com\/?page_id=1260"},"modified":"2025-04-14T16:01:47","modified_gmt":"2025-04-14T15:01:47","slug":"mp-902","status":"publish","type":"page","link":"https:\/\/www.cervstratel.com\/?page_id=1260","title":{"rendered":"MP-902"},"content":{"rendered":"<p style=\"text-align: right;\"><a href=\"http:\/\/www.cervstratel.com\/wp-content\/uploads\/2021\/10\/MP_902_PowerG_Wireless_Outdoor_Curtain_PIR_Detector_FR.pdf\" target=\"_blank\">T\u00e9l\u00e9charger le fichier au format .pdf<\/a><a href=\"http:\/\/www.cervstratel.com\/wp-content\/uploads\/2021\/10\/MP_902_PowerG_Wireless_Outdoor_Curtain_PIR_Detector_FR.pdf\" target=\"_blank\"><img decoding=\"async\" class=\" wp-image-243 alignnone\" src=\"http:\/\/www.cervstratel.com\/wp-content\/uploads\/2015\/02\/PDF-Icon.png\" alt=\"PDF-Icon\" width=\"60\" \/><\/a><\/p>\n<hr \/>\n<table border=\"0\" width=\"100%\">\n<tbody>\n<tr>\n<td width=\"70%\"><img loading=\"lazy\" decoding=\"async\" src=\"http:\/\/www.cervstratel.com\/wp-content\/uploads\/2021\/09\/logo-visonic.png\" alt=\"\" width=\"115\" height=\"46\" \/><\/td>\n<td width=\"30%\"><img loading=\"lazy\" decoding=\"async\" src=\"http:\/\/www.cervstratel.com\/wp-content\/uploads\/2021\/09\/logo_powerG.gif\" alt=\"\" width=\"115\" height=\"46\" \/><\/td>\n<\/tr>\n<\/tbody>\n<\/table>\n<table border=\"0\" width=\"100%\">\n<tbody>\n<tr>\n<td>\n<h2><span style=\"color: #0066cc;\">D\u00e9tecteur IRP sans fil de type rideau<\/span><\/h2>\n<\/td>\n<\/tr>\n<tr>\n<td><img decoding=\"async\" src=\"http:\/\/www.cervstratel.com\/wp-content\/uploads\/2021\/10\/mp902_ph1.png\" alt=\"\" \/><\/td>\n<\/tr>\n<\/tbody>\n<\/table>\n<table border=\"0\" width=\"100%\">\n<tbody>\n<tr>\n<td>\n<h1>Alerte pr\u00e9coce, protection suppl\u00e9mentaire<\/h1>\n<p>Les utilisateurs n\u2019ont plus \u00e0 se pr\u00e9occuper de rien, car ils ont la certitude d\u2019\u00eatre<br \/>\navertis avant que les intrus ne p\u00e9n\u00e8trent dans leur entreprise ou leur domicile.<\/td>\n<td><img decoding=\"async\" src=\"http:\/\/www.cervstratel.com\/wp-content\/uploads\/2021\/10\/MP902.gif \" alt=\"\" \/><\/td>\n<\/tr>\n<\/tbody>\n<\/table>\n<hr \/>\n<p><span style=\"text-decoration: underline;\"><a href=\"#\"> <big>Haut de page<\/big> <\/a><\/span><\/p>\n","protected":false},"excerpt":{"rendered":"<p>T\u00e9l\u00e9charger le fichier au format .pdf D\u00e9tecteur IRP sans fil de type rideau Alerte pr\u00e9coce, protection suppl\u00e9mentaire Les utilisateurs n\u2019ont plus \u00e0 se pr\u00e9occuper de rien, car ils ont la certitude d\u2019\u00eatre avertis avant que les intrus ne p\u00e9n\u00e8trent dans leur entreprise ou leur domicile. Haut de page<\/p>\n","protected":false},"author":3,"featured_media":0,"parent":0,"menu_order":0,"comment_status":"closed","ping_status":"closed","template":"templates\/template-sidebar-none.php","meta":{"footnotes":""},"class_list":["post-1260","page","type-page","status-publish","hentry"],"_links":{"self":[{"href":"https:\/\/www.cervstratel.com\/index.php?rest_route=\/wp\/v2\/pages\/1260","targetHints":{"allow":["GET"]}}],"collection":[{"href":"https:\/\/www.cervstratel.com\/index.php?rest_route=\/wp\/v2\/pages"}],"about":[{"href":"https:\/\/www.cervstratel.com\/index.php?rest_route=\/wp\/v2\/types\/page"}],"author":[{"embeddable":true,"href":"https:\/\/www.cervstratel.com\/index.php?rest_route=\/wp\/v2\/users\/3"}],"replies":[{"embeddable":true,"href":"https:\/\/www.cervstratel.com\/index.php?rest_route=%2Fwp%2Fv2%2Fcomments&post=1260"}],"version-history":[{"count":12,"href":"https:\/\/www.cervstratel.com\/index.php?rest_route=\/wp\/v2\/pages\/1260\/revisions"}],"predecessor-version":[{"id":1276,"href":"https:\/\/www.cervstratel.com\/index.php?rest_route=\/wp\/v2\/pages\/1260\/revisions\/1276"}],"wp:attachment":[{"href":"https:\/\/www.cervstratel.com\/index.php?rest_route=%2Fwp%2Fv2%2Fmedia&parent=1260"}],"curies":[{"name":"wp","href":"https:\/\/api.w.org\/{rel}","templated":true}]}}