{"id":1281,"date":"2021-10-12T10:47:04","date_gmt":"2021-10-12T09:47:04","guid":{"rendered":"http:\/\/www.cervstratel.com\/?page_id=1281"},"modified":"2025-04-14T16:01:29","modified_gmt":"2025-04-14T15:01:29","slug":"mc-312-2","status":"publish","type":"page","link":"https:\/\/www.cervstratel.com\/?page_id=1281","title":{"rendered":"MC-312"},"content":{"rendered":"<p style=\"text-align: right;\"><a href=\"http:\/\/www.cervstratel.com\/wp-content\/uploads\/2021\/10\/MC_312_PG2_PowerG_Wireless_Outdoor_Magnetic_Contact_Brochure_FR.pdf\" target=\"_blank\">T\u00e9l\u00e9charger le fichier au format .pdf<\/a><a href=\"http:\/\/www.cervstratel.com\/wp-content\/uploads\/2021\/10\/MC_312_PG2_PowerG_Wireless_Outdoor_Magnetic_Contact_Brochure_FR.pdf\" target=\"_blank\"><img decoding=\"async\" class=\" wp-image-243 alignnone\" src=\"http:\/\/www.cervstratel.com\/wp-content\/uploads\/2015\/02\/PDF-Icon.png\" alt=\"PDF-Icon\" width=\"60\" \/><\/a><\/p>\n<hr \/>\n<table border=\"0\" width=\"100%\">\n<tbody>\n<tr>\n<td width=\"70%\"><img loading=\"lazy\" decoding=\"async\" src=\"http:\/\/www.cervstratel.com\/wp-content\/uploads\/2021\/09\/logo-visonic.png\" alt=\"\" width=\"115\" height=\"46\" \/><\/td>\n<td width=\"30%\"><img loading=\"lazy\" decoding=\"async\" src=\"http:\/\/www.cervstratel.com\/wp-content\/uploads\/2021\/09\/logo_powerG.gif\" alt=\"\" width=\"115\" height=\"46\" \/><\/td>\n<\/tr>\n<\/tbody>\n<\/table>\n<table border=\"0\" width=\"100%\">\n<tbody>\n<tr>\n<td width=\"30%\">\n<h1><span style=\"color: #0066cc;\">D\u00e9tecteur d&rsquo;ouverture sans fil ext\u00e9rieur avec entr\u00e9e auxiliaire\u00a0<\/span><\/h1>\n<\/td>\n<td><img decoding=\"async\" src=\"http:\/\/www.cervstratel.com\/wp-content\/uploads\/2021\/10\/mc-312_photo_brochure.png\" alt=\"\" \/><\/td>\n<\/tr>\n<\/tbody>\n<\/table>\n<table border=\"0\" width=\"100%\">\n<tbody>\n<tr>\n<td>\n<h1>D\u00e9tecteur ext\u00e9rieur robuste pour fen\u00eatres, rideaux,<br \/>\nportes et portails<\/h1>\n<p>\u00c9tendez la s\u00e9curit\u00e9 en ext\u00e9rieur avec les capacit\u00e9s de d\u00e9tection exceptionnelles du Contact<br \/>\nmagn\u00e9tique sans fil d\u2019ext\u00e9rieur avec entr\u00e9e auxiliaire PowerG.<\/td>\n<td><img decoding=\"async\" src=\"http:\/\/www.cervstratel.com\/wp-content\/uploads\/2021\/10\/mc-312_photo.png \" alt=\"\" \/><\/td>\n<\/tr>\n<\/tbody>\n<\/table>\n<hr \/>\n<p><span style=\"text-decoration: underline;\"><a href=\"#\"> <big>Haut de page<\/big> <\/a><\/span><\/p>\n","protected":false},"excerpt":{"rendered":"<p>T\u00e9l\u00e9charger le fichier au format .pdf D\u00e9tecteur d&rsquo;ouverture sans fil ext\u00e9rieur avec entr\u00e9e auxiliaire\u00a0 D\u00e9tecteur ext\u00e9rieur robuste pour fen\u00eatres, rideaux, portes et portails \u00c9tendez la s\u00e9curit\u00e9 en ext\u00e9rieur avec les capacit\u00e9s de d\u00e9tection exceptionnelles du Contact magn\u00e9tique sans fil d\u2019ext\u00e9rieur avec entr\u00e9e auxiliaire PowerG. Haut de page<\/p>\n","protected":false},"author":3,"featured_media":0,"parent":0,"menu_order":0,"comment_status":"closed","ping_status":"closed","template":"templates\/template-sidebar-none.php","meta":{"footnotes":""},"class_list":["post-1281","page","type-page","status-publish","hentry"],"_links":{"self":[{"href":"https:\/\/www.cervstratel.com\/index.php?rest_route=\/wp\/v2\/pages\/1281","targetHints":{"allow":["GET"]}}],"collection":[{"href":"https:\/\/www.cervstratel.com\/index.php?rest_route=\/wp\/v2\/pages"}],"about":[{"href":"https:\/\/www.cervstratel.com\/index.php?rest_route=\/wp\/v2\/types\/page"}],"author":[{"embeddable":true,"href":"https:\/\/www.cervstratel.com\/index.php?rest_route=\/wp\/v2\/users\/3"}],"replies":[{"embeddable":true,"href":"https:\/\/www.cervstratel.com\/index.php?rest_route=%2Fwp%2Fv2%2Fcomments&post=1281"}],"version-history":[{"count":11,"href":"https:\/\/www.cervstratel.com\/index.php?rest_route=\/wp\/v2\/pages\/1281\/revisions"}],"predecessor-version":[{"id":1297,"href":"https:\/\/www.cervstratel.com\/index.php?rest_route=\/wp\/v2\/pages\/1281\/revisions\/1297"}],"wp:attachment":[{"href":"https:\/\/www.cervstratel.com\/index.php?rest_route=%2Fwp%2Fv2%2Fmedia&parent=1281"}],"curies":[{"name":"wp","href":"https:\/\/api.w.org\/{rel}","templated":true}]}}