{"id":23,"date":"2015-02-19T14:15:34","date_gmt":"2015-02-19T13:15:34","guid":{"rendered":"http:\/\/www.cervstratel.fr\/?page_id=23"},"modified":"2025-04-14T16:01:12","modified_gmt":"2025-04-14T15:01:12","slug":"localisation-controle-fugue","status":"publish","type":"page","link":"https:\/\/www.cervstratel.com\/?page_id=23","title":{"rendered":"Localisation \/ Contr\u00f4le fugue"},"content":{"rendered":"<table border=\"0\" width=\"100%\">\n<tbody>\n<tr>\n<td width=\"326\"><img loading=\"lazy\" decoding=\"async\" src=\"http:\/\/www.cervstratel.com\/wp-content\/uploads\/2021\/09\/elpas-centrak.jpg\" alt=\"\" width=\"231\" height=\"101\" \/><\/td>\n<td width=\"458\"><\/td>\n<\/tr>\n<tr>\n<td colspan=\"2\">\n<h2 align=\"center\">Syst\u00e8me de localisation des personnes<br \/>\nContr\u00f4le de passage et de fugue<\/h2>\n<p>&nbsp;<\/td>\n<\/tr>\n<tr>\n<td width=\"326\"><img loading=\"lazy\" decoding=\"async\" src=\"http:\/\/www.cervstratel.com\/images\/ehpad\/slide0001_image010.png\" alt=\"\" width=\"415\" height=\"331\" \/><\/td>\n<td valign=\"top\" width=\"458\">\n<h1>H\u00f4pitaux EHPAD<\/h1>\n<p>Appel malades<\/p>\n<ul>\n<li>Contr\u00f4le de fugue<\/li>\n<li>Localisation des personnes<\/li>\n<li>Protection contre le vol<\/li>\n<li>Contr\u00f4le d\u2019acc\u00e8s<\/li>\n<\/ul>\n<\/td>\n<\/tr>\n<tr>\n<td colspan=\"2\">\n<div align=\"center\">\n<h2>Badge de contr\u00f4le de fugue<br \/>\navec contr\u00f4le de pr\u00e9sence<\/h2>\n<\/div>\n<\/td>\n<\/tr>\n<\/tbody>\n<\/table>\n<table border=0 width=\"100%\">\n<tbody>\n<tr>\n<td width=\"267\">\n<div align=\"center\">Badge d&rsquo;appel<\/div>\n<\/td>\n<td width=\"173\">\n<div align=\"center\">Badge contr\u00f4le de fugue<\/div>\n<\/td>\n<td width=\"338\">\n<div align=\"center\">Badge de personnel<\/div>\n<\/td>\n<\/tr>\n<tr align=\"center\">\n<td width=\"267\">\n<div align=\"center\"><img decoding=\"async\" src=\"http:\/\/www.cervstratel.com\/images\/ehpad\/slide0001_image012.png\" alt=\"\" width=\"140\" \/><\/div>\n<\/td>\n<td width=\"173\">\n<div align=\"center\"><img decoding=\"async\" src=\"http:\/\/www.cervstratel.com\/images\/ehpad\/slide0001_image014.png\" alt=\"\" width=\"140\" \/><\/div>\n<\/td>\n<td width=\"338\">\n<div align=\"center\"><img decoding=\"async\" src=\"http:\/\/www.cervstratel.com\/images\/ehpad\/v3_slide0001_image007.jpg\" alt=\"\" width=\"140\" \/><\/div>\n<\/td>\n<\/tr>\n<tr align=\"center\">\n<td colspan=\"3\">\n<h2>Bracelet renforc\u00e9 avec d\u00e9tection ouverture<\/h2>\n<\/td>\n<\/tr>\n<\/tr>\n<tr align=\"center\">\n<td colspan=\"3\"><img decoding=\"async\" src=\"http:\/\/www.cervstratel.com\/wp-content\/uploads\/2021\/10\/bracelet-metal.png\" alt=\"\"\"><\/td>\n<\/tr>\n<\/tbody>\n<\/table>\n<p><span style=\"text-decoration: underline;\"><a href=\"#\"> <big>Haut de page<\/big> <\/a><\/span><\/p>\n","protected":false},"excerpt":{"rendered":"<p>Syst\u00e8me de localisation des personnes Contr\u00f4le de passage et de fugue &nbsp; H\u00f4pitaux EHPAD Appel malades Contr\u00f4le de fugue Localisation des personnes Protection contre le vol Contr\u00f4le d\u2019acc\u00e8s Badge de contr\u00f4le de fugue avec contr\u00f4le de pr\u00e9sence Badge d&rsquo;appel Badge contr\u00f4le de fugue Badge de personnel Bracelet renforc\u00e9 avec d\u00e9tection ouverture<\/p>\n","protected":false},"author":1,"featured_media":0,"parent":0,"menu_order":0,"comment_status":"open","ping_status":"open","template":"templates\/template-sidebar-none.php","meta":{"footnotes":""},"class_list":["post-23","page","type-page","status-publish","hentry"],"_links":{"self":[{"href":"https:\/\/www.cervstratel.com\/index.php?rest_route=\/wp\/v2\/pages\/23","targetHints":{"allow":["GET"]}}],"collection":[{"href":"https:\/\/www.cervstratel.com\/index.php?rest_route=\/wp\/v2\/pages"}],"about":[{"href":"https:\/\/www.cervstratel.com\/index.php?rest_route=\/wp\/v2\/types\/page"}],"author":[{"embeddable":true,"href":"https:\/\/www.cervstratel.com\/index.php?rest_route=\/wp\/v2\/users\/1"}],"replies":[{"embeddable":true,"href":"https:\/\/www.cervstratel.com\/index.php?rest_route=%2Fwp%2Fv2%2Fcomments&post=23"}],"version-history":[{"count":26,"href":"https:\/\/www.cervstratel.com\/index.php?rest_route=\/wp\/v2\/pages\/23\/revisions"}],"predecessor-version":[{"id":1231,"href":"https:\/\/www.cervstratel.com\/index.php?rest_route=\/wp\/v2\/pages\/23\/revisions\/1231"}],"wp:attachment":[{"href":"https:\/\/www.cervstratel.com\/index.php?rest_route=%2Fwp%2Fv2%2Fmedia&parent=23"}],"curies":[{"name":"wp","href":"https:\/\/api.w.org\/{rel}","templated":true}]}}