{"id":25,"date":"2015-02-19T14:15:44","date_gmt":"2015-02-19T13:15:44","guid":{"rendered":"http:\/\/www.cervstratel.fr\/?page_id=25"},"modified":"2025-04-14T16:08:12","modified_gmt":"2025-04-14T15:08:12","slug":"protection-des-nourissons","status":"publish","type":"page","link":"https:\/\/www.cervstratel.com\/?page_id=25","title":{"rendered":"Protection des nourrissons"},"content":{"rendered":"<table border=\"0\" width=\"100%\">\n<tbody>\n<tr>\n<td width=\"47%\"><img decoding=\"async\" src=\"http:\/\/www.cervstratel.com\/wp-content\/uploads\/2021\/09\/elpas-centrak.jpg\" alt=\"\" width=\"253\" \/><\/td>\n<td width=\"53%\"><\/td>\n<\/tr>\n<tr>\n<td colspan=\"2\">\n<div align=\"center\">\n<h2>Syst\u00e8me de protection des nourrissons<\/h2>\n<\/div>\n<\/td>\n<\/tr>\n<tr>\n<td colspan=\"2\">\n<div align=\"center\"><img decoding=\"async\" src=\"http:\/\/www.cervstratel.com\/images\/protec_nouriss\/slide0001_image004.jpg\" alt=\"\" width=\"831\" \/><\/div>\n<\/td>\n<\/tr>\n<tr>\n<td width=\"47%\"><\/td>\n<td width=\"53%\">\n<h1>Maternit\u00e9s<\/h1>\n<ul>\n<li>Protection des nouveaux n\u00e9s<\/li>\n<li>Association M\u00e8re \/ Enfant<\/li>\n<\/ul>\n<\/td>\n<\/tr>\n<tr>\n<td width=\"47%\">\n<div align=\"center\"><img decoding=\"async\" src=\"http:\/\/www.cervstratel.com\/images\/protec_nouriss\/slide0001_image007.png\" alt=\"\" width=\"200\" \/><\/div>\n<\/td>\n<td width=\"53%\"><\/td>\n<\/tr>\n<tr>\n<td width=\"47%\">\n<div align=\"center\">Badge maman<\/div>\n<\/td>\n<td width=\"53%\"><\/td>\n<\/tr>\n<\/tbody>\n<\/table>\n<p><span style=\"text-decoration: underline;\"><a href=\"#\"> <big>Haut de page<\/big> <\/a><\/span><\/p>\n","protected":false},"excerpt":{"rendered":"<p>Syst\u00e8me de protection des nourrissons Maternit\u00e9s Protection des nouveaux n\u00e9s Association M\u00e8re \/ Enfant Badge maman Haut de page<\/p>\n","protected":false},"author":1,"featured_media":0,"parent":0,"menu_order":0,"comment_status":"open","ping_status":"open","template":"templates\/template-sidebar-none.php","meta":{"footnotes":""},"class_list":["post-25","page","type-page","status-publish","hentry"],"_links":{"self":[{"href":"https:\/\/www.cervstratel.com\/index.php?rest_route=\/wp\/v2\/pages\/25","targetHints":{"allow":["GET"]}}],"collection":[{"href":"https:\/\/www.cervstratel.com\/index.php?rest_route=\/wp\/v2\/pages"}],"about":[{"href":"https:\/\/www.cervstratel.com\/index.php?rest_route=\/wp\/v2\/types\/page"}],"author":[{"embeddable":true,"href":"https:\/\/www.cervstratel.com\/index.php?rest_route=\/wp\/v2\/users\/1"}],"replies":[{"embeddable":true,"href":"https:\/\/www.cervstratel.com\/index.php?rest_route=%2Fwp%2Fv2%2Fcomments&post=25"}],"version-history":[{"count":7,"href":"https:\/\/www.cervstratel.com\/index.php?rest_route=\/wp\/v2\/pages\/25\/revisions"}],"predecessor-version":[{"id":1142,"href":"https:\/\/www.cervstratel.com\/index.php?rest_route=\/wp\/v2\/pages\/25\/revisions\/1142"}],"wp:attachment":[{"href":"https:\/\/www.cervstratel.com\/index.php?rest_route=%2Fwp%2Fv2%2Fmedia&parent=25"}],"curies":[{"name":"wp","href":"https:\/\/api.w.org\/{rel}","templated":true}]}}