{"id":27,"date":"2015-02-19T14:16:01","date_gmt":"2015-02-19T13:16:01","guid":{"rendered":"http:\/\/www.cervstratel.fr\/?page_id=27"},"modified":"2025-04-14T16:08:50","modified_gmt":"2025-04-14T15:08:50","slug":"protection-des-musees","status":"publish","type":"page","link":"https:\/\/www.cervstratel.com\/?page_id=27","title":{"rendered":"Protection des mus\u00e9es"},"content":{"rendered":"<p>&nbsp;<\/p>\n<table border=\"0\" width=\"100%\">\n<tbody>\n<tr>\n<td width=\"51%\"><img decoding=\"async\" src=\"http:\/\/www.cervstratel.com\/wp-content\/uploads\/2021\/09\/elpas-centrak.jpg\" alt=\"\" width=\"300\" \/><\/td>\n<td width=\"49%\"><\/td>\n<\/tr>\n<tr>\n<td colspan=\"2\">\n<h2 align=\"center\">La s\u00e9curit\u00e9 dans les mus\u00e9es<\/h2>\n<\/td>\n<\/tr>\n<tr>\n<td width=\"51%\"><img loading=\"lazy\" decoding=\"async\" src=\"http:\/\/www.cervstratel.com\/images\/musee\/slide0001_image006.jpg\" alt=\"\" width=\"276\" height=\"174\" \/><\/td>\n<td valign=\"top\" width=\"49%\">Protection des oeuvres d&rsquo;artContr\u00f4le et suivi du d\u00e9placement<br \/>\ndu d\u00e9placement des \u0153uvres d\u2019art<\/td>\n<\/tr>\n<tr>\n<td align=\"right\" width=\"51%\"><img loading=\"lazy\" decoding=\"async\" src=\"http:\/\/www.cervstratel.com\/images\/musee\/slide0001_image009.png\" alt=\"\" width=\"190\" height=\"147\" \/><\/td>\n<td width=\"49%\">\n<h2>S\u00e9curit\u00e9 des gardiens<\/h2>\n<ul>\n<li>Appel d\u2019urgence avec localisation de l\u2019appel<\/li>\n<li>Alarme en cas de perte de verticalit\u00e9<\/li>\n<li>Alarme en cas d\u2019arrachement du badge<\/li>\n<\/ul>\n<\/td>\n<\/tr>\n<tr>\n<td colspan=\"2\" height=\"21\"><\/td>\n<\/tr>\n<\/tbody>\n<\/table>\n<p><span style=\"text-decoration: underline;\"><a href=\"#\"> <big>Haut de page<\/big> <\/a><\/span><\/p>\n","protected":false},"excerpt":{"rendered":"<p>&nbsp; La s\u00e9curit\u00e9 dans les mus\u00e9es Protection des oeuvres d&rsquo;artContr\u00f4le et suivi du d\u00e9placement du d\u00e9placement des \u0153uvres d\u2019art S\u00e9curit\u00e9 des gardiens Appel d\u2019urgence avec localisation de l\u2019appel Alarme en cas de perte de verticalit\u00e9 Alarme en cas d\u2019arrachement du badge Haut de page<\/p>\n","protected":false},"author":1,"featured_media":0,"parent":0,"menu_order":0,"comment_status":"open","ping_status":"open","template":"templates\/template-sidebar-none.php","meta":{"footnotes":""},"class_list":["post-27","page","type-page","status-publish","hentry"],"_links":{"self":[{"href":"https:\/\/www.cervstratel.com\/index.php?rest_route=\/wp\/v2\/pages\/27","targetHints":{"allow":["GET"]}}],"collection":[{"href":"https:\/\/www.cervstratel.com\/index.php?rest_route=\/wp\/v2\/pages"}],"about":[{"href":"https:\/\/www.cervstratel.com\/index.php?rest_route=\/wp\/v2\/types\/page"}],"author":[{"embeddable":true,"href":"https:\/\/www.cervstratel.com\/index.php?rest_route=\/wp\/v2\/users\/1"}],"replies":[{"embeddable":true,"href":"https:\/\/www.cervstratel.com\/index.php?rest_route=%2Fwp%2Fv2%2Fcomments&post=27"}],"version-history":[{"count":8,"href":"https:\/\/www.cervstratel.com\/index.php?rest_route=\/wp\/v2\/pages\/27\/revisions"}],"predecessor-version":[{"id":1143,"href":"https:\/\/www.cervstratel.com\/index.php?rest_route=\/wp\/v2\/pages\/27\/revisions\/1143"}],"wp:attachment":[{"href":"https:\/\/www.cervstratel.com\/index.php?rest_route=%2Fwp%2Fv2%2Fmedia&parent=27"}],"curies":[{"name":"wp","href":"https:\/\/api.w.org\/{rel}","templated":true}]}}