{"id":32,"date":"2015-02-19T16:28:41","date_gmt":"2015-02-19T15:28:41","guid":{"rendered":"http:\/\/www.cervstratel.fr\/?page_id=32"},"modified":"2016-05-23T08:38:11","modified_gmt":"2016-05-23T07:38:11","slug":"cerv","status":"publish","type":"page","link":"https:\/\/www.cervstratel.com\/?page_id=32","title":{"rendered":"CERV"},"content":{"rendered":"<table border=\"0\" width=\"100%\">\n<tbody>\n<tr>\n<td bgcolor=\"#ffffff\" width=\"332\"><a href=\"http:\/\/www.cerv.com\/\" target=\"_blank\"><img decoding=\"async\" class=\" aligncenter\" src=\"http:\/\/www.cervstratel.com\/images\/cerv\/slide0005_image005.png\" alt=\"\" width=\"200\" \/><\/a><\/p>\n<div style=\"width: 242px\" class=\"wp-caption aligncenter\"><img loading=\"lazy\" decoding=\"async\" src=\"http:\/\/www.cervstratel.com\/images\/cerv\/slide0005_image009.jpg\" alt=\"\" width=\"232\" height=\"130\" \/><p class=\"wp-caption-text\">Site de Blavozy France<\/p><\/div><\/td>\n<td align=\"top\" valign=\"top\" width=\"443\">\n<h2>Notre m\u00e9tier<\/h2>\n<ul>\n<li>Concevoir<\/li>\n<li>Industrialiser<\/li>\n<li>Fabriquer<\/li>\n<\/ul>\n<p>des produits de bases \u00e9lectroniques<\/td>\n<\/tr>\n<tr>\n<td valign=\"top\" width=\"332\"><\/td>\n<td width=\"443\">\n<h2>Ressources humaines<\/h2>\n<ul>\n<li>Bureau d&rsquo;\u00e9tudes (10 personnes) Hardware, logiciel, DAO, CAO,<br \/>\nplasturgie.<\/li>\n<li>Cellule achats (5 personnes)<\/li>\n<li>Bureau des m\u00e9thodes (4 personnes)<\/li>\n<li>Salle de pr\u00e9 qualification<\/li>\n<\/ul>\n<\/td>\n<\/tr>\n<tr>\n<td width=\"332\">\n<h2>Moyens techniques<\/h2>\n<ul>\n<li>Deux lignes implantation CMS<\/li>\n<li>Bancs de tests in situe<\/li>\n<li>Ligne de vernissage automatique<\/li>\n<\/ul>\n<\/td>\n<td rowspan=\"2\" align=\"right\" valign=\"top\">Capacit\u00e9 de pose : 50 000 composants \/ heure<img decoding=\"async\" src=\"http:\/\/www.cervstratel.com\/images\/cerv\/slide0005_image013.jpg\" alt=\"\" width=\"300\" \/><img decoding=\"async\" src=\"http:\/\/www.cervstratel.com\/images\/cerv\/slide0005_image017.jpg\" alt=\"\" width=\"300\" \/><img decoding=\"async\" src=\"http:\/\/www.cervstratel.com\/images\/cerv\/slide0005_image015.jpg\" alt=\"\" width=\"300\" \/><\/td>\n<\/tr>\n<tr>\n<td align=\"center\" valign=\"top\" width=\"332\"><img loading=\"lazy\" decoding=\"async\" src=\"http:\/\/www.cervstratel.com\/images\/cerv\/slide0005_image019.png\" alt=\"\" width=\"144\" height=\"203\" \/><\/p>\n<h6>Certification LRQAISO 9001 &#8211; 2008<\/h6>\n<\/td>\n<\/tr>\n<\/tbody>\n<\/table>\n<p><span style=\"text-decoration: underline;\"><a href=\"#\"> <big>Haut de page<\/big> <\/a><\/span><\/p>\n","protected":false},"excerpt":{"rendered":"<p>Notre m\u00e9tier Concevoir Industrialiser Fabriquer des produits de bases \u00e9lectroniques Ressources humaines Bureau d&rsquo;\u00e9tudes (10 personnes) Hardware, logiciel, DAO, CAO, plasturgie. Cellule achats (5 personnes) Bureau des m\u00e9thodes (4 personnes) Salle de pr\u00e9 qualification Moyens techniques Deux lignes implantation CMS Bancs de tests in situe Ligne de vernissage automatique Capacit\u00e9 de pose : 50 000 [&hellip;]<\/p>\n","protected":false},"author":1,"featured_media":0,"parent":6,"menu_order":2,"comment_status":"open","ping_status":"open","template":"templates\/template-sidebar-left-right.php","meta":{"footnotes":""},"class_list":["post-32","page","type-page","status-publish","hentry"],"_links":{"self":[{"href":"https:\/\/www.cervstratel.com\/index.php?rest_route=\/wp\/v2\/pages\/32","targetHints":{"allow":["GET"]}}],"collection":[{"href":"https:\/\/www.cervstratel.com\/index.php?rest_route=\/wp\/v2\/pages"}],"about":[{"href":"https:\/\/www.cervstratel.com\/index.php?rest_route=\/wp\/v2\/types\/page"}],"author":[{"embeddable":true,"href":"https:\/\/www.cervstratel.com\/index.php?rest_route=\/wp\/v2\/users\/1"}],"replies":[{"embeddable":true,"href":"https:\/\/www.cervstratel.com\/index.php?rest_route=%2Fwp%2Fv2%2Fcomments&post=32"}],"version-history":[{"count":29,"href":"https:\/\/www.cervstratel.com\/index.php?rest_route=\/wp\/v2\/pages\/32\/revisions"}],"predecessor-version":[{"id":706,"href":"https:\/\/www.cervstratel.com\/index.php?rest_route=\/wp\/v2\/pages\/32\/revisions\/706"}],"up":[{"embeddable":true,"href":"https:\/\/www.cervstratel.com\/index.php?rest_route=\/wp\/v2\/pages\/6"}],"wp:attachment":[{"href":"https:\/\/www.cervstratel.com\/index.php?rest_route=%2Fwp%2Fv2%2Fmedia&parent=32"}],"curies":[{"name":"wp","href":"https:\/\/api.w.org\/{rel}","templated":true}]}}