{"id":4,"date":"2015-02-19T11:58:57","date_gmt":"2015-02-19T10:58:57","guid":{"rendered":"http:\/\/www.cervstratel.fr\/?page_id=4"},"modified":"2021-10-04T15:41:59","modified_gmt":"2021-10-04T14:41:59","slug":"accueil","status":"publish","type":"page","link":"https:\/\/www.cervstratel.com\/","title":{"rendered":"Accueil"},"content":{"rendered":"<p><!--\n[metaslider id=47]\n[metaslider id=\"1236\"]\n--><\/p>\n<div id=\"metaslider-id-1236\" style=\"max-width: 920px;\" class=\"ml-slider-3-97-0 metaslider metaslider-flex metaslider-1236 ml-slider ms-theme-default\" role=\"region\" aria-roledescription=\"Slideshow\" aria-label=\"New Slideshow\" data-width=\"920\">\n    <div id=\"metaslider_container_1236\">\n        <div id=\"metaslider_1236\">\n            <ul class='slides'>\n                <li style=\"display: block; width: 100%;\" class=\"slide-1244 ms-image \" aria-roledescription=\"slide\" aria-label=\"slide-1244\" data-date=\"2021-10-04 15:15:23\"><a href=\"http:\/\/www.cervstratel.com\/?page_id=85\" target=\"_self\" class=\"metaslider_image_link\"><img loading=\"lazy\" decoding=\"async\" src=\"https:\/\/www.cervstratel.com\/wp-content\/uploads\/2021\/10\/detecteurs_slide.png\" height=\"416\" width=\"920\" alt=\"\" class=\"slider-1236 slide-1244\" title=\"Gamme de d\u00e9tecteurs Visonic\" \/><\/a><\/li>\n                <li style=\"display: none; width: 100%;\" class=\"slide-1246 ms-image \" aria-roledescription=\"slide\" aria-label=\"slide-1246\" data-date=\"2021-10-04 15:16:30\"><a href=\"http:\/\/www.cervstratel.com\/?page_id=1260\" target=\"_self\" class=\"metaslider_image_link\"><img loading=\"lazy\" decoding=\"async\" src=\"https:\/\/www.cervstratel.com\/wp-content\/uploads\/2021\/10\/MP902_slide.png\" height=\"416\" width=\"920\" alt=\"\" class=\"slider-1236 slide-1246\" title=\"D\u00e9tecteur rideau ext\u00e9rieur\" \/><\/a><\/li>\n                <li style=\"display: none; width: 100%;\" class=\"slide-1247 ms-image \" aria-roledescription=\"slide\" aria-label=\"slide-1247\" data-date=\"2021-10-04 15:16:52\"><a href=\"http:\/\/www.cervstratel.com\/?page_id=1153\" target=\"_self\" class=\"metaslider_image_link\"><img loading=\"lazy\" decoding=\"async\" src=\"https:\/\/www.cervstratel.com\/wp-content\/uploads\/2021\/10\/ipmp4.8_slide.png\" height=\"416\" width=\"920\" alt=\"Serveur Powermanage 4.8\" class=\"slider-1236 slide-1247\" title=\"Serveur Powermanage 4.8\" \/><\/a><\/li>\n                <li style=\"display: none; width: 100%;\" class=\"slide-1277 ms-image \" aria-roledescription=\"slide\" aria-label=\"slide-1277\" data-date=\"2021-10-12 10:37:40\"><a href=\"http:\/\/www.cervstratel.com\/?page_id=1281\" target=\"_self\" class=\"metaslider_image_link\"><img loading=\"lazy\" decoding=\"async\" src=\"https:\/\/www.cervstratel.com\/wp-content\/uploads\/2021\/10\/mc312_slide.png\" height=\"416\" width=\"920\" alt=\"\" class=\"slider-1236 slide-1277\" title=\"mc312_slide\" \/><\/a><\/li>\n                <li style=\"display: none; width: 100%;\" class=\"slide-1248 ms-image \" aria-roledescription=\"slide\" aria-label=\"slide-1248\" data-date=\"2021-10-04 15:16:58\"><a href=\"http:\/\/www.cervstratel.com\/?page_id=891\" target=\"_self\" class=\"metaslider_image_link\"><img loading=\"lazy\" decoding=\"async\" src=\"https:\/\/www.cervstratel.com\/wp-content\/uploads\/2021\/10\/VLE320_slide.png\" height=\"416\" width=\"920\" alt=\"\" class=\"slider-1236 slide-1248\" title=\"Transmetteur VLE320\" \/><\/a><\/li>\n                <li style=\"display: none; width: 100%;\" class=\"slide-1299 ms-image \" aria-roledescription=\"slide\" aria-label=\"slide-1299\" data-date=\"2021-10-12 13:44:14\"><a href=\"http:\/\/www.cervstratel.com\/?page_id=1099\" target=\"_self\" class=\"metaslider_image_link\"><img loading=\"lazy\" decoding=\"async\" src=\"https:\/\/www.cervstratel.com\/wp-content\/uploads\/2021\/10\/AT308_slide.png\" height=\"416\" width=\"920\" alt=\"\" class=\"slider-1236 slide-1299\" title=\"AT308_slide\" \/><\/a><\/li>\n                <li style=\"display: none; width: 100%;\" class=\"slide-1257 ms-image \" aria-roledescription=\"slide\" aria-label=\"slide-1257\" data-date=\"2021-10-04 16:02:49\"><a href=\"http:\/\/www.cervstratel.com\/?page_id=990\" target=\"_self\" class=\"metaslider_image_link\"><img loading=\"lazy\" decoding=\"async\" src=\"https:\/\/www.cervstratel.com\/wp-content\/uploads\/2021\/10\/visonic-hybride_slide.png\" height=\"416\" width=\"920\" alt=\"\" class=\"slider-1236 slide-1257\" title=\"Visonic hybride\" \/><\/a><\/li>\n                <li style=\"display: none; width: 100%;\" class=\"slide-1245 ms-image \" aria-roledescription=\"slide\" aria-label=\"slide-1245\" data-date=\"2021-10-04 15:16:19\"><a href=\"http:\/\/www.cervstratel.com\/?page_id=1179\" target=\"_self\" class=\"metaslider_image_link\"><img loading=\"lazy\" decoding=\"async\" src=\"https:\/\/www.cervstratel.com\/wp-content\/uploads\/2021\/10\/kit-elpas_slide.png\" height=\"416\" width=\"920\" alt=\"\" class=\"slider-1236 slide-1245\" title=\"Antifugue Centrak\" \/><\/a><\/li>\n                <li style=\"display: none; width: 100%;\" class=\"slide-1249 ms-image \" aria-roledescription=\"slide\" aria-label=\"slide-1249\" data-date=\"2021-10-04 15:23:46\"><a href=\"http:\/\/www.cervstratel.com\/?page_id=25\" target=\"_self\" class=\"metaslider_image_link\"><img loading=\"lazy\" decoding=\"async\" src=\"https:\/\/www.cervstratel.com\/wp-content\/uploads\/2015\/02\/image-slider-4-634x287.jpg\" height=\"416\" width=\"920\" alt=\"\" class=\"slider-1236 slide-1249\" title=\"Protection des b\u00e9b\u00e9s\" \/><\/a><\/li>\n                <li style=\"display: none; width: 100%;\" class=\"slide-1279 ms-image \" aria-roledescription=\"slide\" aria-label=\"slide-1279\" data-date=\"2021-10-12 10:39:58\"><a href=\"http:\/\/www.cervstratel.com\/?page_id=23\" target=\"_self\" class=\"metaslider_image_link\"><img loading=\"lazy\" decoding=\"async\" src=\"https:\/\/www.cervstratel.com\/wp-content\/uploads\/2021\/10\/WTD_slide.png\" height=\"416\" width=\"920\" alt=\"\" class=\"slider-1236 slide-1279\" title=\"WTD et bracelet renforc\u00e9\" \/><\/a><\/li>\n            <\/ul>\n        <\/div>\n        \n    <\/div>\n<\/div>\n<hr \/>\n<p>CERV Stratel est constructeur et importateur de solutions de s\u00e9curit\u00e9 \u00e9lectronique\u00a0 depuis plus de 40 ans.<\/p>\n<p>Notre seul objectif, la protection des personnes et des biens, leur apportant ainsi\u00a0 le Confort dans leur vie personnelle et\/ou professionnelle.<\/p>\n<p>Utilisant les derni\u00e8res technologies de communication, o\u00f9 que vous soyez, vous\u00a0 resterez en contact avec vos proches et contr\u00f4lerez \u00e0 distance vos \u00e9quipements.<\/p>\n<p>Nos produits sont commercialis\u00e9s et install\u00e9s par nos partenaires professionnels.<\/p>\n","protected":false},"excerpt":{"rendered":"<p>CERV Stratel est constructeur et importateur de solutions de s\u00e9curit\u00e9 \u00e9lectronique\u00a0 depuis plus de 40 ans. Notre seul objectif, la protection des personnes et des biens, leur apportant ainsi\u00a0 le Confort dans leur vie personnelle et\/ou professionnelle. Utilisant les derni\u00e8res technologies de communication, o\u00f9 que vous soyez, vous\u00a0 resterez en contact avec vos proches et [&hellip;]<\/p>\n","protected":false},"author":1,"featured_media":0,"parent":0,"menu_order":0,"comment_status":"open","ping_status":"open","template":"templates\/template-sidebar-left-right.php","meta":{"footnotes":""},"class_list":["post-4","page","type-page","status-publish","hentry"],"_links":{"self":[{"href":"https:\/\/www.cervstratel.com\/index.php?rest_route=\/wp\/v2\/pages\/4","targetHints":{"allow":["GET"]}}],"collection":[{"href":"https:\/\/www.cervstratel.com\/index.php?rest_route=\/wp\/v2\/pages"}],"about":[{"href":"https:\/\/www.cervstratel.com\/index.php?rest_route=\/wp\/v2\/types\/page"}],"author":[{"embeddable":true,"href":"https:\/\/www.cervstratel.com\/index.php?rest_route=\/wp\/v2\/users\/1"}],"replies":[{"embeddable":true,"href":"https:\/\/www.cervstratel.com\/index.php?rest_route=%2Fwp%2Fv2%2Fcomments&post=4"}],"version-history":[{"count":17,"href":"https:\/\/www.cervstratel.com\/index.php?rest_route=\/wp\/v2\/pages\/4\/revisions"}],"predecessor-version":[{"id":1250,"href":"https:\/\/www.cervstratel.com\/index.php?rest_route=\/wp\/v2\/pages\/4\/revisions\/1250"}],"wp:attachment":[{"href":"https:\/\/www.cervstratel.com\/index.php?rest_route=%2Fwp%2Fv2%2Fmedia&parent=4"}],"curies":[{"name":"wp","href":"https:\/\/api.w.org\/{rel}","templated":true}]}}