{"id":6,"date":"2015-02-19T11:59:08","date_gmt":"2015-02-19T10:59:08","guid":{"rendered":"http:\/\/www.cervstratel.fr\/?page_id=6"},"modified":"2021-10-01T10:54:41","modified_gmt":"2021-10-01T09:54:41","slug":"societe","status":"publish","type":"page","link":"https:\/\/www.cervstratel.com\/?page_id=6","title":{"rendered":"Soci\u00e9t\u00e9"},"content":{"rendered":"<p><strong><img loading=\"lazy\" decoding=\"async\" class=\" wp-image-156 size-medium alignleft\" src=\"http:\/\/www.cervstratel.com\/wp-content\/uploads\/2015\/02\/logo_cerv_stratel-300x79.jpg\" alt=\"logo_cerv_stratel\" width=\"300\" height=\"79\" srcset=\"https:\/\/www.cervstratel.com\/wp-content\/uploads\/2015\/02\/logo_cerv_stratel-300x79.jpg 300w, https:\/\/www.cervstratel.com\/wp-content\/uploads\/2015\/02\/logo_cerv_stratel.jpg 510w\" sizes=\"auto, (max-width: 300px) 100vw, 300px\" \/><\/strong><img loading=\"lazy\" decoding=\"async\" class=\" alignnone\" src=\"http:\/\/www.cervstratel.com\/wp-content\/uploads\/2021\/09\/stratel-chelles.png\" alt=\"\" width=\"269\" height=\"186\" \/><\/p>\n<h6><\/h6>\n<p>&nbsp;<\/p>\n<h2>Notre m\u00e9tier<\/h2>\n<h3 style=\"text-align: center;\">Le confort et la protection des personnes et des biens<\/h3>\n<hr \/>\n<h2>Service<\/h2>\n<ul>\n<li>Commercial<\/li>\n<li>Support produits<\/li>\n<\/ul>\n<h2>Localisation<\/h2>\n<p>5 Rue des Nonettes &#8211; 77500 Chelles<br \/>\n<iframe loading=\"lazy\" style=\"border: 0;\" src=\"https:\/\/www.google.com\/maps\/embed?pb=!1m18!1m12!1m3!1d3709.8674326009245!2d2.598806762575782!3d48.89114524006027!2m3!1f0!2f0!3f0!3m2!1i1024!2i768!4f13.1!3m3!1m2!1s0x47e610f8add9bbc1%3A0x4cd3b33bfe8d5e7d!2s5%20Rue%20des%20Nonettes%2C%2077500%20Chelles!5e0!3m2!1sfr!2sfr!4v1631620650128!5m2!1sfr!2sfr\" width=\"600\" height=\"450\" frameborder=\"0\" allowfullscreen=\"allowfullscreen\"><\/iframe><\/p>\n<h2>Ses ressources<\/h2>\n<p>Recherche et d\u00e9veloppement<br \/>\n<!--\n\n<iframe loading=\"lazy\" style=\"border: 0;\" src=\"https:\/\/www.google.com\/maps\/embed?pb=!1m18!1m12!1m3!1d2626.052089123777!2d2.539374815253665!3d48.83814511008667!2m3!1f0!2f0!3f0!3m2!1i1024!2i768!4f13.1!3m3!1m2!1s0x47e60de23b8ec16d%3A0x7468d904e6ba1811!2s2+Rue+du+Ctre%2C+93160+Noisy-le-Grand!5e0!3m2!1sfr!2sfr!4v1484228849509\" width=\"600\" height=\"450\" frameborder=\"0\" allowfullscreen=\"allowfullscreen\"><\/iframe>\n\nhttps:\/\/www.google.com\/maps\/embed?pb=!1m18!1m12!1m3!1d2626.052089123777!2d2.539374815253665!3d48.83814511008667!2m3!1f0!2f0!3f0!3m2!1i1024!2i768!4f13.1!3m3!1m2!1s0x47e60de23b8ec16d%3A0x7468d904e6ba1811!2s2+Rue+du+Ctre%2C+93160+Noisy-le-Grand!5e0!3m2!1sfr!2sfr!4v1484228849509\n\nhttps:\/\/www.google.com\/maps\/embed?pb=!1m18!1m12!1m3!1d3709.8674326009245!2d2.598806762575782!3d48.89114524006027!2m3!1f0!2f0!3f0!3m2!1i1024!2i768!4f13.1!3m3!1m2!1s0x47e610f8add9bbc1%3A0x4cd3b33bfe8d5e7d!2s5%20Rue%20des%20Nonettes%2C%2077500%20Chelles!5e0!3m2!1sfr!2sfr!4v1631620650128!5m2!1sfr!2sfr\n--><\/p>\n<ul>\n<li>Fabrication<\/li>\n<li>Logistique<\/li>\n<li>Administratif<\/li>\n<\/ul>\n<h2 style=\"text-align: center;\">Protection Intrusion &#8211; T\u00e9l\u00e9 Gestion &#8211; Secteur sant\u00e9<\/h2>\n<table border=\"0\" width=\"100%\">\n<tbody>\n<tr>\n<td width=\"252\"><img loading=\"lazy\" decoding=\"async\" src=\"http:\/\/www.cervstratel.com\/images\/cervstratel\/v3_slide0006_image006.jpg\" alt=\"\" width=\"150\" height=\"41\" \/><br \/>\n<!--\n<img loading=\"lazy\" decoding=\"async\" class=\"alignnone wp-image-373\" src=\"http:\/\/www.cervstratel.com\/wp-content\/uploads\/2016\/05\/logo_pima.jpg\" alt=\"logo_pima\" width=\"98\" height=\"93\" \/>\n--><\/td>\n<td width=\"126\">\n<ul>\n<li>Intrusion<\/li>\n<\/ul>\n<\/td>\n<td width=\"178\"><img loading=\"lazy\" decoding=\"async\" class=\"alignnone wp-image-160 size-full\" src=\"http:\/\/www.cervstratel.com\/wp-content\/uploads\/2015\/02\/logo_cerv_stratel_pf.jpg\" alt=\"logo_cerv_stratel_pf\" width=\"200\" height=\"39\" \/><\/td>\n<td width=\"216\">\n<ul>\n<li>T\u00e9l\u00e9-alarme<\/li>\n<\/ul>\n<\/td>\n<\/tr>\n<tr>\n<td width=\"252\"><img loading=\"lazy\" decoding=\"async\" class=\"alignnone wp-image-160 size-full\" src=\"http:\/\/www.cervstratel.com\/wp-content\/uploads\/2015\/02\/logo_cerv_stratel_pf.jpg\" alt=\"logo_cerv_stratel_pf\" width=\"200\" height=\"39\" \/><\/td>\n<td width=\"126\">\n<ul>\n<li>T\u00e9l\u00e9-relev\u00e9<\/li>\n<li>T\u00e9l\u00e9-signalisation<\/li>\n<\/ul>\n<\/td>\n<td width=\"178\"><img loading=\"lazy\" decoding=\"async\" class=\"alignnone size-full wp-image-271\" src=\"http:\/\/www.cervstratel.com\/wp-content\/uploads\/2021\/09\/elpas-centrak.jpg\" alt=\"Elpas-logo[1]\" width=\"200\" height=\"150\" \/><\/td>\n<td width=\"216\">\n<ul>\n<li>Contr\u00f4le de fugues<\/li>\n<li>Protection des b\u00e9b\u00e9s<\/li>\n<li>Localisation des personnes<\/li>\n<\/ul>\n<\/td>\n<\/tr>\n<\/tbody>\n<\/table>\n<p><span style=\"text-decoration: underline;\"><a href=\"#\"> <big>Haut de page<\/big> <\/a><\/span><\/p>\n","protected":false},"excerpt":{"rendered":"<p>&nbsp; Notre m\u00e9tier Le confort et la protection des personnes et des biens Service Commercial Support produits Localisation 5 Rue des Nonettes &#8211; 77500 Chelles Ses ressources Recherche et d\u00e9veloppement Fabrication Logistique Administratif Protection Intrusion &#8211; T\u00e9l\u00e9 Gestion &#8211; Secteur sant\u00e9 Intrusion T\u00e9l\u00e9-alarme T\u00e9l\u00e9-relev\u00e9 T\u00e9l\u00e9-signalisation Contr\u00f4le de fugues Protection des b\u00e9b\u00e9s Localisation des personnes Haut [&hellip;]<\/p>\n","protected":false},"author":1,"featured_media":0,"parent":0,"menu_order":2,"comment_status":"open","ping_status":"open","template":"templates\/template-sidebar-left-right.php","meta":{"footnotes":""},"class_list":["post-6","page","type-page","status-publish","hentry"],"_links":{"self":[{"href":"https:\/\/www.cervstratel.com\/index.php?rest_route=\/wp\/v2\/pages\/6","targetHints":{"allow":["GET"]}}],"collection":[{"href":"https:\/\/www.cervstratel.com\/index.php?rest_route=\/wp\/v2\/pages"}],"about":[{"href":"https:\/\/www.cervstratel.com\/index.php?rest_route=\/wp\/v2\/types\/page"}],"author":[{"embeddable":true,"href":"https:\/\/www.cervstratel.com\/index.php?rest_route=\/wp\/v2\/users\/1"}],"replies":[{"embeddable":true,"href":"https:\/\/www.cervstratel.com\/index.php?rest_route=%2Fwp%2Fv2%2Fcomments&post=6"}],"version-history":[{"count":2,"href":"https:\/\/www.cervstratel.com\/index.php?rest_route=\/wp\/v2\/pages\/6\/revisions"}],"predecessor-version":[{"id":1233,"href":"https:\/\/www.cervstratel.com\/index.php?rest_route=\/wp\/v2\/pages\/6\/revisions\/1233"}],"wp:attachment":[{"href":"https:\/\/www.cervstratel.com\/index.php?rest_route=%2Fwp%2Fv2%2Fmedia&parent=6"}],"curies":[{"name":"wp","href":"https:\/\/api.w.org\/{rel}","templated":true}]}}