{"id":891,"date":"2021-09-09T12:22:54","date_gmt":"2021-09-09T11:22:54","guid":{"rendered":"http:\/\/www.cervstratel.com\/?page_id=891"},"modified":"2025-04-14T16:06:53","modified_gmt":"2025-04-14T15:06:53","slug":"vle-320","status":"publish","type":"page","link":"https:\/\/www.cervstratel.com\/?page_id=891","title":{"rendered":"VLE-320"},"content":{"rendered":"<p style=\"text-align: right;\"><a href=\"http:\/\/www.cervstratel.com\/wp-content\/uploads\/2021\/09\/Dual-Path-Communicator_ds_a4_FRE_07_08_21.pdf\" target=\"_blank\">T\u00e9l\u00e9charger le fichier au format .pdf<\/a><a href=\"http:\/\/www.cervstratel.com\/wp-content\/uploads\/2021\/09\/Dual-Path-Communicator_ds_a4_FRE_07_08_21.pdf\" target=\"_blank\"><img decoding=\"async\" class=\" wp-image-243 alignnone\" src=\"http:\/\/www.cervstratel.com\/wp-content\/uploads\/2015\/02\/PDF-Icon.png\" alt=\"PDF-Icon\" width=\"60\" \/><\/a><\/p>\n<hr>\n<table border=\"0\" width=\"100%\" >\n<tbody>\n<tr>\n<td width=\"594\">\n<h2><span style=\"color: #0066cc;\">Communicateur Universel<br \/>\nDouble Voie<\/span><\/h2>\n<h4><span style=\"color: #0066cc;\">Donnez une nouvelle vie<br \/>\naux anciennes centrales<\/span><\/h4>\n<\/td>\n<td width=\"382\"><img loading=\"lazy\" decoding=\"async\" src=\"http:\/\/www.cervstratel.com\/wp-content\/uploads\/2021\/09\/VLE-320.jpg\" alt=\"\" width=\"115\" height=\"46\" \/><\/td>\n<\/tr>\n<\/tbody>\n<\/table>\n<hr>\n<table border=\"0\" width=\"100%\" >\n<tbody>\n<tr valign=\"TOP\">\n<td style=\"color: #ffffff;\" bgcolor=\"blue\" width=\"30%\"><strong>Principales<br \/>\ncaract\u00e9ristiques<\/strong><\/p>\n<p>\t\u2022 Canaux de communication<br \/>\n4G LTE et Ethernet\/IP<br \/>\n\t\u2022 Fonctions conversion<br \/>\nprotocole CID en messages<br \/>\nvocaux, notifications push<br \/>\net messages SMS<br \/>\n\t\u2022 Homologu\u00e9 EN50136<br \/>\n\t\u2022 Antenne int\u00e9gr\u00e9e<br \/>\n\t\u2022 Programmation \u00e0 distance<br \/>\navec le logiciel BOSS\/DLS 5<br \/>\n\t\u2022 Communication directe<br \/>\navec les stations de<br \/>\nt\u00e9l\u00e9surveillance<br \/>\n\t\u2022 6 borniers programmables<br \/>\n(entr\u00e9es\/sorties)<br \/>\n\t\u2022 Port USB pour une<br \/>\nprogrammation locale<br \/>\n\t\u2022 Connecteur pour antennes<br \/>\nexternes optionnelles<br \/>\n\t\u2022 Batterie Li-ion en option<br \/>\nassurant 6 heures<br \/>\nd\u2019autonomie<\/p>\n<\/td>\n<td width=\"40%\"><strong>Offrez une connectivit\u00e9<br \/>\ncellulaire et IP aux anciennes<br \/>\ncentrales d\u2019alarme<\/strong><br \/>\nLes op\u00e9rateurs t\u00e9l\u00e9phoniques basculent<br \/>\nprogressivement toutes les communications<br \/>\nt\u00e9l\u00e9phoniques du r\u00e9seau commut\u00e9 public (RTCP\/<br \/>\nPSTN) sur les r\u00e9seaux VoIP. Les connexions RTC<br \/>\ndoivent dispara\u00eetre \u00e0 terme du march\u00e9 r\u00e9sidentiel<br \/>\net professionnel. Les clients utilisent de plus en<br \/>\nplus leur smartphone dans leur vie quotidienne.<br \/>\nCes changements d\u2019infrastructure et d\u2019usage<br \/>\nimposent de mettre en place des solutions<br \/>\nadapt\u00e9es pour que les syst\u00e8mes d\u2019alarme<br \/>\ncontinuent de fonctionner normalement et qu\u2019ils<br \/>\npuissent s\u2019adapter aux nouveaux comportements<br \/>\ndes consommateurs.<br \/>\nAvec le communicateur d\u2019alarme universel<br \/>\n\u00e0 double voie, vous pouvez faire \u00e9voluer<br \/>\npratiquement n\u2019importe quelle centrale RTCP<br \/>\nexistante vers les r\u00e9seaux cellulaires et IP, et<br \/>\noffrir au client la possibilit\u00e9 de contr\u00f4ler son<br \/>\nsyst\u00e8me depuis l\u2019application ConnectAlarm.<br \/>\nCette solution permet pour un faible co\u00fbt<br \/>\nd\u2019allonger la dur\u00e9e de vie des syst\u00e8mes<br \/>\nd\u2019alarme, d\u2019am\u00e9liorer la s\u00e9curit\u00e9 de vos clients<br \/>\nen offrant une communication double voie, et<br \/>\nd\u2019apporter la convivialit\u00e9 du pilotage \u00e0 distance.<\/td>\n<td><strong>Renforcez la s\u00e9curit\u00e9 des<br \/>\nsyst\u00e8mes d\u2019alarme<\/strong><br \/>\nAvec la communication cellulaire, pas de risque<br \/>\nqu\u2019un intrus coupe les fils du t\u00e9l\u00e9phone puisqu\u2019il<br \/>\nn\u2019y a pas de ligne t\u00e9l\u00e9phonique physique. Le<br \/>\ncanal de communication de secours garantit que<br \/>\nles alertes seront toujours envoy\u00e9es au service<br \/>\nde t\u00e9l\u00e9surveillance ou\/et au propri\u00e9taire.<br \/>\n<strong>Rendez vos syst\u00e8mes d\u2019alarme<br \/>\nplus intelligents<\/strong><br \/>\nLe communicateur universel offre aux clients des<br \/>\nfonctionnalit\u00e9s avanc\u00e9es qui rendent la vie plus<br \/>\nsimple et plus agr\u00e9able. Il permet :<\/p>\n<p>\t\u2022 L\u2019armement et le d\u00e9sarmement \u00e0 distance<br \/>\npar t\u00e9l\u00e9phone, par SMS ou via une application<br \/>\nmobile<br \/>\n\t\u2022 Le pilotage de fonctions domotiques de base<br \/>\nvia les sorties \u00e0 contact secs, telles que la<br \/>\ncommande d\u2019un \u00e9clairage par exemple<br \/>\n\t\u2022 L\u2019envoi de messages d\u2019alertes et<br \/>\nd\u2019informations. Il est possible de recevoir<br \/>\nen temps r\u00e9el des notifications push, SMS<br \/>\nou messages vocaux d\u00e9taill\u00e9es de l\u2019\u00e9tat<br \/>\ndu syst\u00e8me, des \u00e9v\u00e9nements d\u2019alarme, de<br \/>\nsabotage et des pannes gr\u00e2ce \u00e0 la fonction de<br \/>\nconversion automatique des codes CID\/SIA.<\/p>\n<\/td>\n<\/tr>\n<\/tbody>\n<\/table>\n<hr>\n<table border=\"0\" width=\"100%\">\n<tbody>\n<tr valign=\"TOP\">\n<td>\n<p>\t\u2022 La communication sur les r\u00e9seaux LTE et IP avec les t\u00e9l\u00e9surveilleurs \u00e9quip\u00e9s d\u2019un r\u00e9cepteur Sur-Gard ou d\u2019un serveur<br \/>\nPowerManage<br \/>\n\t\u2022 La cr\u00e9ation de mod\u00e8les sp\u00e9cifiques pour un contr\u00f4le simple des centrales Bentel Kyo via l\u2019application mobile<br \/>\n<strong>Allongez la dur\u00e9e de vie de vos centrales et optimisez les co\u00fbts<\/strong><br \/>\nOffrez \u00e0 vos clients plus de s\u00e9curit\u00e9 et de convivialit\u00e9 sans les contraindre \u00e0 investir dans un nouveau syst\u00e8me de s\u00e9curit\u00e9 co\u00fbteux.<br \/>\n\t\u2022 Permettez \u00e0 vos clients au budget serr\u00e9 de passer \u00e0 une protection anti-intrusion plus s\u00fbre et plus intelligente<br \/>\n\t\u2022 Permettez aux clients qui n\u2019ont plus de ligne t\u00e9l\u00e9phonique de continuer \u00e0 utiliser leur centrale d\u2019alarme comme auparavant<br \/>\n\t\u2022 Permettez \u00e0 vos clients de disposer des communications IP \u00e0 bas co\u00fbt l\u00e0 o\u00f9 elles sont disponibles<\/p>\n<p><strong> <font color=\"#0000FF\">Principales caract\u00e9ristiques<\/font><\/strong><\/p>\n<p>\t\u2022 Simulateur de ligne t\u00e9l\u00e9phonique<br \/>\n\t\u2022 Basculement automatique sur le r\u00e9seau cellulaire cas de probl\u00e8me de ligne t\u00e9l\u00e9phonique (panne)<br \/>\n\t\u2022 Indicateur de force du signal du r\u00e9seau cellulaire<br \/>\n\t\u2022 6 borniers programmables en entr\u00e9es ou en sorties \u00e0 collecteur ouvert<br \/>\n\t\u2022 Protection contre les surtensions des lignes terrestres<br \/>\n\t\u2022 Communicateur vocal et SMS 4G LTE<br \/>\n\t\u2022 Antenne int\u00e9gr\u00e9e<br \/>\n\t\u2022 Conversion CID en notifications push<br \/>\n\t\u2022 Supporte le format de communication Contact ID d\u2019une centrale connect\u00e9e pour la communication sur le r\u00e9seau LTE et IP<br \/>\n\t\u2022 Communication cellulaire \/ IP avec des r\u00e9cepteurs Sur-Gard System I-IP\/II\/III\/5 et PowerManage version 4.6 ou sup.<br \/>\n\t\u2022 Option de commande \u00e0 distance via l\u2019application mobile ConnectAlarm<br \/>\n\t\u2022 Options programmables sur PC<br \/>\n\t\u2022 32 messages SMS, longueur maximale 100 caract\u00e8res par message (2 pour chaque ligne entrante + 6 pour les indications d\u2019\u00e9tat et 1<br \/>\np\u00e9riodique)<br \/>\n\t\u2022 8 num\u00e9ros de t\u00e9l\u00e9phone (16 chiffres max.) programmables pour le composeur SMS<br \/>\n\t\u2022 8 num\u00e9ros de t\u00e9l\u00e9phone programmables pour le composeur Contact ID sur GPRS<br \/>\n\t\u2022 Jusqu\u2019\u00e0 32 num\u00e9ros de t\u00e9l\u00e9phone (16 chiffres max.) programmables pour l\u2019activation \u00e0 distance des sorties \u00e0 collecteur ouvert<br \/>\n\t\u2022 Activation \u00e0 distance des sorties via l\u2019identification des appelants et\/ou la transmission de SMS<br \/>\n\t\u2022 V\u00e9rification de solde cr\u00e9diteur pour les cartes SIM pr\u00e9pay\u00e9es<br \/>\n\t\u2022 Surveillance de la transmission \u00e0 la centrale (PTM)<br \/>\n\t\u2022 Interrupteurs d\u2019autoprotection int\u00e9gr\u00e9s<br \/>\n\t\u2022 Interface Ethernet<br \/>\n\t\u2022 Connecteur pour programmation par PC-LINK<br \/>\n\t\u2022 Connecteur USB type A (h\u00f4te et dispositif)<br \/>\n\t\u2022 Programmation par cl\u00e9 USB<br \/>\n\t\u2022 Diagnostics avanc\u00e9s et enregistrement d\u2019un journal d\u2019\u00e9v\u00e8nements<br \/>\n\t\u2022 Param\u00e8tres par d\u00e9faut personnalisables via cl\u00e9 USB<br \/>\n\t\u2022 Programmation et mise \u00e0 niveau locale et \u00e0 distance du logiciel<br \/>\n\t\u2022 Transmission des \u00e9v\u00e8nements d\u2019alarme sur LTE et IP<br \/>\n\t\u2022 Priorit\u00e9 programmable entre RTCP et cellulaire\/IP<br \/>\n\t\u2022 Communication vocale \u00e0 double voie sur le r\u00e9seau cellulaire<br \/>\n\t\u2022 Batterie de secours optionnelle<br \/>\n\t\u2022 Anti-brouillage<br \/>\n\t\u2022 Programmation \u00e0 distance des centrales PowerSeries NEO via r\u00e9seau cellulaire et<br \/>\nEthernet (Pass-Through)<\/p>\n<\/td>\n<\/tr>\n<\/tbody>\n<\/table>\n<hr>\n<p>&nbsp;<\/p>\n<table border=\"1\" width=\"100%\">\n<tbody>\n<tr>\n<td style=\"color: #ffffff;\" bgcolor=\"blue\"><b>Mod\u00e8le<\/b><\/td>\n<td style=\"color: #ffffff;\" bgcolor=\"blue\"><b>VLE-320<\/b><\/td>\n<\/tr>\n<tr>\n<td>Tension d\u2019entr\u00e9e<\/td>\n<td>de 10,7 a 27,6 Vcc<\/td>\n<\/tr>\n<tr>\n<td>Courant moyen de veille, sans batterie<\/td>\n<td>110 mA (sorties non incluses) @ 13,8 Vcc<\/td>\n<\/tr>\n<tr>\n<td>Courant consomm\u00e9 maximum en mode<br \/>\ncourant limit\u00e9<\/td>\n<td>230 mA (sorties non incluses)) @ 13,8 Vcc<\/td>\n<\/tr>\n<tr>\n<td>Courant consomm\u00e9 maximum<\/td>\n<td>470 mA (sorties non incluses) @ 13,8 Vcc<\/td>\n<\/tr>\n<tr>\n<td>Sorties<\/td>\n<td>6 de type collecteur ouvert, 100 mA<\/td>\n<\/tr>\n<tr>\n<td>Fr\u00e9quence de fonctionnement (MHz)<\/td>\n<td>2G: 900\/1800<br \/>\n3G: 900\/2100<br \/>\n4G\/LTE: 700\/800\/900\/1800\/2100\/2600<\/td>\n<\/tr>\n<tr>\n<td>R\u00e9sistance de ligne maximale entre les<br \/>\ndispositifs connect\u00e9s en s\u00e9rie sur LI<\/td>\n<td>1 Kohm<\/td>\n<\/tr>\n<tr>\n<td>Nombre maximal de dispositifs parall\u00e8les<br \/>\nconnect\u00e9s sur LII<\/td>\n<td>1<\/td>\n<\/tr>\n<tr>\n<td>Classe environnementale<\/td>\n<td>II<\/td>\n<\/tr>\n<tr>\n<td>Temp\u00e9rature de fonctionnement<\/td>\n<td>de -10 a +40\u00b0C<\/td>\n<\/tr>\n<tr>\n<td>Humidit\u00e9<\/td>\n<td>de 0 a 95%<\/td>\n<\/tr>\n<tr>\n<td>Dimensions (LxHxP)<\/td>\n<td>101x186x41 mm<\/td>\n<\/tr>\n<tr>\n<td>Poids<\/td>\n<td>250 g<\/td>\n<\/tr>\n<\/tbody>\n<\/table>\n<p><span style=\"text-decoration: underline;\"><a href=\"#\"> <big>Haut de page<\/big> <\/a><\/span><\/p>\n","protected":false},"excerpt":{"rendered":"<p>T\u00e9l\u00e9charger le fichier au format .pdf Communicateur Universel Double Voie Donnez une nouvelle vie aux anciennes centrales Principales caract\u00e9ristiques \u2022 Canaux de communication 4G LTE et Ethernet\/IP \u2022 Fonctions conversion protocole CID en messages vocaux, notifications push et messages SMS \u2022 Homologu\u00e9 EN50136 \u2022 Antenne int\u00e9gr\u00e9e \u2022 Programmation \u00e0 distance avec le logiciel BOSS\/DLS 5 [&hellip;]<\/p>\n","protected":false},"author":3,"featured_media":0,"parent":0,"menu_order":0,"comment_status":"closed","ping_status":"closed","template":"templates\/template-sidebar-none.php","meta":{"footnotes":""},"class_list":["post-891","page","type-page","status-publish","hentry"],"_links":{"self":[{"href":"https:\/\/www.cervstratel.com\/index.php?rest_route=\/wp\/v2\/pages\/891","targetHints":{"allow":["GET"]}}],"collection":[{"href":"https:\/\/www.cervstratel.com\/index.php?rest_route=\/wp\/v2\/pages"}],"about":[{"href":"https:\/\/www.cervstratel.com\/index.php?rest_route=\/wp\/v2\/types\/page"}],"author":[{"embeddable":true,"href":"https:\/\/www.cervstratel.com\/index.php?rest_route=\/wp\/v2\/users\/3"}],"replies":[{"embeddable":true,"href":"https:\/\/www.cervstratel.com\/index.php?rest_route=%2Fwp%2Fv2%2Fcomments&post=891"}],"version-history":[{"count":92,"href":"https:\/\/www.cervstratel.com\/index.php?rest_route=\/wp\/v2\/pages\/891\/revisions"}],"predecessor-version":[{"id":989,"href":"https:\/\/www.cervstratel.com\/index.php?rest_route=\/wp\/v2\/pages\/891\/revisions\/989"}],"wp:attachment":[{"href":"https:\/\/www.cervstratel.com\/index.php?rest_route=%2Fwp%2Fv2%2Fmedia&parent=891"}],"curies":[{"name":"wp","href":"https:\/\/api.w.org\/{rel}","templated":true}]}}