{"id":990,"date":"2021-09-13T09:18:58","date_gmt":"2021-09-13T08:18:58","guid":{"rendered":"http:\/\/www.cervstratel.com\/?page_id=990"},"modified":"2025-04-14T16:06:18","modified_gmt":"2025-04-14T15:06:18","slug":"visonic-hybride","status":"publish","type":"page","link":"https:\/\/www.cervstratel.com\/?page_id=990","title":{"rendered":"visonic hybride"},"content":{"rendered":"<p style=\"text-align: right;\"><a href=\"http:\/\/www.cervstratel.com\/wp-content\/uploads\/2021\/09\/VisonicHybride_HS2xxx.pdf\" target=\"_blank\">T\u00e9l\u00e9charger le fichier au format .pdf<\/a><a href=\"http:\/\/www.cervstratel.com\/wp-content\/uploads\/2021\/09\/VisonicHybride_HS2xxx.pdf\" target=\"_blank\"><img decoding=\"async\" class=\" wp-image-243 alignnone\" src=\"http:\/\/www.cervstratel.com\/wp-content\/uploads\/2015\/02\/PDF-Icon.png\" alt=\"PDF-Icon\" width=\"60\" \/><\/a><\/p>\n<hr \/>\n<table border=\"0\" width=\"100%\">\n<tbody>\n<tr>\n<td width=\"900\"><img loading=\"lazy\" decoding=\"async\" src=\"http:\/\/www.cervstratel.com\/wp-content\/uploads\/2021\/09\/logo-visonic.png\" alt=\"\" width=\"115\" height=\"46\" \/><\/td>\n<td width=\"594\"><img loading=\"lazy\" decoding=\"async\" src=\"http:\/\/www.cervstratel.com\/wp-content\/uploads\/2021\/09\/logo_powerG.gif\" alt=\"\" width=\"115\" height=\"46\" \/><\/td>\n<\/tr>\n<\/tbody>\n<\/table>\n<table border=\"0\" width=\"100%\">\n<tbody>\n<tr>\n<td width=\"594\">\n<h2><span style=\"color: #0066cc;\">Centrale Visonic Hybride<\/span><\/h2>\n<h4><span style=\"color: #0066cc;\">HS2016, HS2064, HS2218<\/span><\/h4>\n<\/td>\n<td width=\"382\"><img loading=\"lazy\" decoding=\"async\" src=\"http:\/\/www.cervstratel.com\/wp-content\/uploads\/2017\/10\/NEO_centrale.gif\" alt=\"\" width=\"115\" height=\"46\" \/><\/td>\n<\/tr>\n<\/tbody>\n<\/table>\n<table border=\"0\" width=\"100%\">\n<tbody>\n<tr valign=\"TOP\">\n<td style=\"color: #ffffff;\" bgcolor=\"blue\" width=\"30%\"><strong><br \/>\ncaract\u00e9ristiques<\/strong><br \/>\n\u2022 Centrale 16 \u00e0 128 zones<br \/>\n\u2022 Technologie PowerG<br \/>\n\u2022 Installation rapide<br \/>\nApplication smartphone<br \/>\n\u2022 Lev\u00e9e de doute vid\u00e9o<br \/>\n\u2022 Interphonie via le GSM ou le RTC<br \/>\n\u2022 Communicateur Cellulaire et IP<br \/>\n\u2022 Programmation locale ou distante<br \/>\n\u2022 Cryptage AES 128bits (radio, bus<br \/>\net communication)<br \/>\n\u2022 Mise \u00e0 jour \u00e0 distance<br \/>\n(centrale\/clavier\/\u00e9metteur)<br \/>\n\u2022 Port\u00e9e 2km en champ libre<\/td>\n<td width=\"35%\"><strong>Visonic Hybride red\u00e9fini<br \/>\nla s\u00e9curit\u00e9<\/strong><br \/>\nLa centrale Visonic Hybride red\u00e9finit<br \/>\nla s\u00e9curit\u00e9 intrusion en combinant la<br \/>\nsouplesse d&rsquo;un syst\u00e8me modulaire<br \/>\net c\u00e2bl\u00e9 avec la simplicit\u00e9 d&rsquo;un large<br \/>\n\u00e9ventail de p\u00e9riph\u00e9riques sans fil, ce<br \/>\nqui a pour r\u00e9sultat le syst\u00e8me<br \/>\nhybride le plus complet disponible<br \/>\nsur le march\u00e9 aujourd&rsquo;hui. Cette<br \/>\nnouvelle centrale exploite les<br \/>\ncapacit\u00e9s de la t\u00e9chnologie PowerG<br \/>\n\u2013 la technologie d&rsquo;intrusion sans fil<br \/>\nde pointe de l&rsquo;industrie. Des<br \/>\nsolutions innovantes de v\u00e9rification<br \/>\ndes alarmes, ainsi qu&rsquo;une suite<br \/>\nlogicielle de services distants<br \/>\ncompl\u00e8te, font de la Visonic Hybride<br \/>\nla centrale id\u00e9ale pour les<br \/>\ninstallations commerciales et<br \/>\nr\u00e9sidentielles.<br \/>\nCentrale \u00e9volutive et<br \/>\nflexible<br \/>\n3 mod\u00e8les de centrales permettent<br \/>\nune capacit\u00e9 allant de 16 \u00e0 128<br \/>\nzones et de 2 \u00e0 8 partitions. Les<br \/>\ncentrales proposent de base 6 \u00e0 huit<br \/>\nentr\u00e9es filaires, 2 \u00e0 4 sorties et le<br \/>\nRTC. Le syst\u00e8me peut \u00eatre<\/td>\n<td>adapt\u00e9 pour des installations<br \/>\nsp\u00e9cifiques avec des capacit\u00e9s<br \/>\nd&rsquo;extension, des fonctionnalit\u00e9s<br \/>\net des services suppl\u00e9mentaires.<br \/>\nLa Visonic Hybride offre une<br \/>\nsolution rentable et adapt\u00e9e aux<br \/>\ninstallations les plus exigeantes.<br \/>\nElle comprend une gamme<br \/>\ncompl\u00e8te de modules<br \/>\nd&rsquo;extension pour s&rsquo;adapter aux<br \/>\nexigences des installations<br \/>\nd&rsquo;aujourd&rsquo;hui tout en<br \/>\nprot\u00e9geant l&rsquo;investissement et<br \/>\nen assurant la croissance \u00e0<br \/>\nl&rsquo;avenir.<strong>Renforcez la s\u00e9curit\u00e9 des<br \/>\nsyst\u00e8mes d\u2019alarme<\/strong><br \/>\nAvec la communication cellulaire, pas de risque<br \/>\nqu\u2019un intrus coupe les fils du t\u00e9l\u00e9phone puisqu\u2019il<br \/>\nn\u2019y a pas de ligne t\u00e9l\u00e9phonique physique. Le<br \/>\ncanal de communication de secours garantit que<br \/>\nles alertes seront toujours envoy\u00e9es au service<br \/>\nde t\u00e9l\u00e9surveillance ou\/et au propri\u00e9taire.<br \/>\n<strong>Logiciel de gestion du<br \/>\nsyst\u00e8me<\/strong><br \/>\nLe logiciel de gestion de la<br \/>\nVisonic Hybride est le plus<br \/>\ncomplet qui existe dans<br \/>\nl&rsquo;industrie, con\u00e7u<br \/>\nsp\u00e9cifiquement pour aider les<br \/>\nprofessionnels de la s\u00e9curit\u00e9 afin<br \/>\nde r\u00e9duire consid\u00e9rablement le<br \/>\ntemps et les co\u00fbts investis dans<br \/>\nl&rsquo;installation et la maintenance<br \/>\ndu syst\u00e8me. La suite comprend<br \/>\nle logiciel de t\u00e9l\u00e9chargement<br \/>\nDLS5 et Syst\u00e8me Routine pour<br \/>\nles diagnostics \u00e0 distance, les<br \/>\ninspections et l&rsquo;entretien.<\/td>\n<\/tr>\n<\/tbody>\n<\/table>\n<hr \/>\n<table border=\"0\" width=\"100%\">\n<tbody>\n<tr>\n<td width=\"900\"><img loading=\"lazy\" decoding=\"async\" src=\"http:\/\/www.cervstratel.com\/wp-content\/uploads\/2021\/09\/logo-visonic.png\" alt=\"\" width=\"115\" height=\"46\" \/><\/td>\n<td width=\"594\"><img loading=\"lazy\" decoding=\"async\" src=\"http:\/\/www.cervstratel.com\/wp-content\/uploads\/2021\/09\/logo_powerG.gif\" alt=\"\" width=\"115\" height=\"46\" \/><\/td>\n<\/tr>\n<\/tbody>\n<\/table>\n<table border=\"0\" width=\"100%\">\n<tbody>\n<tr valign=\"TOP\">\n<td><strong>Des solutions innovantes de<br \/>\nv\u00e9rification des alarmes r\u00e9duisent<br \/>\nles fausses alarmes et les visites de<br \/>\nsite inutiles<\/strong><br \/>\nLa Visonic Hybride utilise des solutions de v\u00e9rification<br \/>\nd&rsquo;alarme innovantes, conformes \u00e0 la loi, telles que la<br \/>\nv\u00e9rification vid\u00e9o, la v\u00e9rification audio et la d\u00e9tection<br \/>\ns\u00e9quentielle, r\u00e9duisant consid\u00e9rablement les co\u00fbts<br \/>\ndiff\u00e9rentiels qui peuvent \u00eatre encourus par de fausses<br \/>\nalarmes. Tirant parti du logiciel de support puissant,<br \/>\nune \u00e9valuation \u00e0 distance pr\u00e9cise est faite de la<br \/>\nsituation \u00e0 l&rsquo;int\u00e9rieur des locaux quand une alarme est<br \/>\nd\u00e9clench\u00e9e par une tentative de cambriolage, un<br \/>\nincendie ou une autre urgence. Cela \u00e9limine les visites<br \/>\nde sites non n\u00e9cessaires \u2013 en fin de compte gagner du<br \/>\ntemps et r\u00e9duire les co\u00fbts tout en permettant aux<br \/>\nintervenants d&rsquo;\u00eatre alert\u00e9s sur toute situation<br \/>\npotentiellement dangereuse.<\/td>\n<td><strong>Des moyen de communication<br \/>\ns\u00e9curis\u00e9s<\/strong><br \/>\nComme les lignes t\u00e9l\u00e9phoniques traditionnelles<br \/>\ndeviennent moins fr\u00e9quentes et que de plus en plus<br \/>\nd&rsquo;utilisateurs choisissent la VoIP ou les t\u00e9l\u00e9phones<br \/>\nmobiles, Visonic Hybride offre des m\u00e9thodes de<br \/>\ncommunication cellulaires et\/ou IP facultatives.<br \/>\nLorsque vous \u00eates connect\u00e9 \u00e0 une centrale, les<br \/>\nchemins de rapports d&rsquo;alarme peuvent \u00eatre combin\u00e9s<br \/>\nvia le r\u00e9seau t\u00e9l\u00e9phonique public commut\u00e9 (RTPC) si<br \/>\nd\u00e9sir\u00e9, ainsi que les canaux cellulaires et\/ou IP. Le<br \/>\ncommunicateur de la Visonic Hybride peut<br \/>\ncommod\u00e9ment utiliser le r\u00e9seau cellulaire et\/ou IP<br \/>\ncomme une voie de communication principale ou de<br \/>\nsauvegarde pour assurer la haute vitesse, fiable et<br \/>\ns\u00e9curis\u00e9 des communications d&rsquo;alarme. Les<br \/>\ncommunicateurs int\u00e9gr\u00e9s permettent \u00e9galement aux<br \/>\nprofessionnels de la s\u00e9curit\u00e9 d&rsquo;offrir des services tels<br \/>\nque la v\u00e9rification des alarmes, m\u00eame dans les cas o\u00f9<br \/>\nune ligne t\u00e9l\u00e9phonique traditionnelle n&rsquo;est pas<br \/>\npr\u00e9sente.<\/td>\n<\/tr>\n<\/tbody>\n<\/table>\n<p>&nbsp;<\/p>\n<table border=\"1\" width=\"100%\" bgcolor=\"#cee3f6\">\n<tbody>\n<tr>\n<td><strong>La puissance de PowerG :<\/strong><br \/>\nLe puissance de la Visonic Hybride se trouve dans diverses technologies innovantes, y compris le<br \/>\nr\u00e9volutionnaire PowerG, qui, regroup\u00e9es, fournissent une plate-forme robuste et riche en fonctionnalit\u00e9s<br \/>\ncon\u00e7ue pour r\u00e9duire les co\u00fbts op\u00e9rationnels pour les installateurs et fournir une fiabilit\u00e9 pour les utilisateurs<br \/>\nfinaux.<br \/>\n\u2022 La technologie multicanaux \u00e0 sauts de fr\u00e9quences permet au syst\u00e8me de sauter entre les canaux de radio<br \/>\npour assurer la transmission des communications s\u00e9curis\u00e9es entre les appareils et la centrale.<br \/>\n\u2022 La puissance de transmission adaptative se traduit par une dur\u00e9e de vie de la batterie allant jusqu&rsquo;\u00e0 huit<br \/>\nans pour les p\u00e9riph\u00e9riques du syst\u00e8me, r\u00e9duisant ainsi le co\u00fbt de remplacement des piles.<br \/>\n\u2022 Des gammes de transmission \u00e9lev\u00e9es permettent aux appareils de communiquer de mani\u00e8re fiable dans<br \/>\nune ligne de vis\u00e9e allant jusqu&rsquo;\u00e0 2 km, r\u00e9duisant ainsi la co\u00fbt de l&rsquo;installation de r\u00e9p\u00e9teurs suppl\u00e9mentaires<br \/>\npour entretenir des locaux plus grands.<br \/>\n\u2022 La technologie de communication synchronis\u00e9e TDMA emp\u00eache les messages de se heurter en s\u00e9parant les<br \/>\ncanaux en diff\u00e9rents cr\u00e9neaux horaires, permettant une plus grande quantit\u00e9 de transmission de donn\u00e9es et<br \/>\nde s&rsquo;assurer que les dispositifs sont capables de communiquer de fa\u00e7on coh\u00e9rente au besoin.<br \/>\n\u2022 le cryptage AES 128 bits offre un niveau de protection exceptionnellement \u00e9lev\u00e9 contre les outils d&rsquo;analyse<br \/>\net les attaques num\u00e9riques.<\/td>\n<\/tr>\n<\/tbody>\n<\/table>\n<p>&nbsp;<\/p>\n<table border=\"1\" width=\"100%\">\n<tbody>\n<tr style=\"color: #ffffff;\" bgcolor=\"blue\">\n<td><\/td>\n<td><b>HS2016<\/b><\/td>\n<td>HS2064<\/td>\n<td>HS2128<\/td>\n<\/tr>\n<tr>\n<td>Zones filaires carte m\u00e8re<\/td>\n<td>6<\/td>\n<td>8<\/td>\n<td>8<\/td>\n<\/tr>\n<tr>\n<td>Zones filaires<\/td>\n<td>16<\/td>\n<td>64<\/td>\n<td>128<\/td>\n<\/tr>\n<tr>\n<td>Zones radios<\/td>\n<td>16<\/td>\n<td>64<\/td>\n<td>128<\/td>\n<\/tr>\n<tr>\n<td>Sortie PGM carte m\u00e8re<\/td>\n<td>OUI<\/td>\n<td>OUI<\/td>\n<td>OUI<\/td>\n<\/tr>\n<tr>\n<td>PGM carte m\u00e8re<\/td>\n<td>PGM 1 = 50mA<br \/>\nPGM 2 = 300mA<\/td>\n<td>PGM 1,3,4 = 50mA<br \/>\nPGM 2 = 300mA<\/td>\n<td>PGM 1,3,4 = 50mA<br \/>\nPGM 2 = 300mA<\/td>\n<\/tr>\n<tr>\n<td>Extension PGM<\/td>\n<td>16 x 50mA (HSM2208)<br \/>\n4 x 500mA (HSM2204)<\/td>\n<td>64 x 50mA (HSM2208)<br \/>\n12 x 500mA (HSM2204)<\/td>\n<td>128 x 50mA (HSM2208)<br \/>\n16 x 500mA (HSM2204)<\/td>\n<\/tr>\n<tr>\n<td>Partitions<\/td>\n<td>2<\/td>\n<td>8<\/td>\n<td>8<\/td>\n<\/tr>\n<tr>\n<td>Codes utilisateurs<\/td>\n<td>47 + code ma\u00eetre<\/td>\n<td>499 + code ma\u00eetre<\/td>\n<td>999 + code ma\u00eetre<\/td>\n<\/tr>\n<tr>\n<td>Ev\u00e9nements<\/td>\n<td>500<\/td>\n<td>500<\/td>\n<td>1000<\/td>\n<\/tr>\n<tr>\n<td>Claviers filaires<\/td>\n<td>8<\/td>\n<td>8<\/td>\n<td>16<\/td>\n<\/tr>\n<tr>\n<td>Claviers radios<\/td>\n<td>8<\/td>\n<td>8<\/td>\n<td>16<\/td>\n<\/tr>\n<tr>\n<td>T\u00e9l\u00e9commandes<\/td>\n<td>16<\/td>\n<td>32<\/td>\n<td>32<\/td>\n<\/tr>\n<tr>\n<td>R\u00e9p\u00e9teurs<\/td>\n<td>4<\/td>\n<td>8<\/td>\n<td>8<\/td>\n<\/tr>\n<tr>\n<td>Badges<\/td>\n<td>47<\/td>\n<td>499<\/td>\n<td>999<\/td>\n<\/tr>\n<\/tbody>\n<\/table>\n<hr \/>\n<h1>P\u00e9riph\u00e9riques radios<\/h1>\n<table border=\"0\" width=\"100%\">\n<tbody>\n<tr align=\"center\">\n<td><img loading=\"lazy\" decoding=\"async\" src=\"http:\/\/www.cervstratel.com\/wp-content\/uploads\/2021\/09\/NEXTCAM.gif\" alt=\"\" width=\"115\" height=\"46\" \/><\/td>\n<td><img loading=\"lazy\" decoding=\"async\" src=\"http:\/\/www.cervstratel.com\/wp-content\/uploads\/2021\/09\/TOWER-CAM-PG2.gif\" alt=\"\" width=\"115\" height=\"46\" \/><\/td>\n<td><img loading=\"lazy\" decoding=\"async\" src=\"http:\/\/www.cervstratel.com\/wp-content\/uploads\/2021\/09\/Tower32-PG2.gif\" alt=\"\" width=\"115\" height=\"46\" \/><\/td>\n<td><img loading=\"lazy\" decoding=\"async\" src=\"http:\/\/www.cervstratel.com\/wp-content\/uploads\/2021\/09\/MP-802.gif\" alt=\"\" width=\"115\" height=\"46\" \/><\/td>\n<td><img loading=\"lazy\" decoding=\"async\" src=\"http:\/\/www.cervstratel.com\/wp-content\/uploads\/2021\/09\/MP902.gif\" alt=\"\" width=\"115\" height=\"46\" \/><\/td>\n<\/tr>\n<tr align=\"center\" valign=\"top\">\n<td>NEXTCAM<br \/>\nIR+CAMERA<\/td>\n<td>TOWERCAM<br \/>\nIR + CAMERA<br \/>\nEXTERIEUR<\/td>\n<td>TOWER32<br \/>\nIR + HYPER<br \/>\nFREQUENCE<\/td>\n<td>MP-802<br \/>\nIR<\/td>\n<td>MP-902<br \/>\nIR rideau<br \/>\next\u00e9rieur<\/td>\n<\/tr>\n<\/tbody>\n<\/table>\n<table border=\"0\" width=\"100%\">\n<tbody>\n<tr align=\"center\">\n<td><img loading=\"lazy\" decoding=\"async\" src=\"http:\/\/www.cervstratel.com\/wp-content\/uploads\/2021\/09\/MC302-E-PG2.gif\" alt=\"\" width=\"115\" height=\"46\" \/><\/td>\n<td><img loading=\"lazy\" decoding=\"async\" src=\"http:\/\/www.cervstratel.com\/wp-content\/uploads\/2021\/09\/MC303-PG2.gif\" alt=\"\" width=\"115\" height=\"46\" \/><\/td>\n<td><img loading=\"lazy\" decoding=\"async\" src=\"http:\/\/www.cervstratel.com\/wp-content\/uploads\/2021\/09\/MD304-PG2.gif\" alt=\"\" width=\"115\" height=\"46\" \/><\/td>\n<td><img loading=\"lazy\" decoding=\"async\" src=\"http:\/\/www.cervstratel.com\/wp-content\/uploads\/2021\/09\/MC-312.gif\" alt=\"\" width=\"115\" height=\"46\" \/><\/td>\n<\/tr>\n<tr align=\"center\" valign=\"top\">\n<td>MC-302<br \/>\nDETECTEUR OUVERTURE<br \/>\nAVEC ENTREE FILAIRE<\/td>\n<td>MC-303<\/td>\n<td>SD-304<br \/>\nDETECTEUR CHOC +<br \/>\nENTREE FILAIRE +<br \/>\nDETECTION<br \/>\nOUVERTURE<\/td>\n<td>MP-312<\/td>\n<\/tr>\n<\/tbody>\n<\/table>\n<table border=\"0\" width=\"100%\">\n<tbody>\n<tr align=\"center\">\n<td><img loading=\"lazy\" decoding=\"async\" src=\"http:\/\/www.cervstratel.com\/wp-content\/uploads\/2021\/09\/HS2LCD_vocal.gif\" alt=\"\" width=\"115\" height=\"46\" \/><\/td>\n<td><img loading=\"lazy\" decoding=\"async\" src=\"http:\/\/www.cervstratel.com\/wp-content\/uploads\/2021\/09\/KF235.gif\" alt=\"\" width=\"115\" height=\"46\" \/><\/td>\n<td><img loading=\"lazy\" decoding=\"async\" src=\"http:\/\/www.cervstratel.com\/wp-content\/uploads\/2021\/09\/MCT-234.gif\" alt=\"\" width=\"115\" height=\"46\" \/><\/td>\n<td><img loading=\"lazy\" decoding=\"async\" src=\"http:\/\/www.cervstratel.com\/wp-content\/uploads\/2021\/09\/BP102-PG2.gif\" alt=\"\" width=\"115\" height=\"46\" \/><\/td>\n<td><img loading=\"lazy\" decoding=\"async\" src=\"http:\/\/www.cervstratel.com\/wp-content\/uploads\/2021\/09\/BP101-PG2.gif\" alt=\"\" width=\"115\" height=\"46\" \/><\/td>\n<\/tr>\n<tr align=\"center\">\n<td>HS2LCDV<br \/>\nCLAVIER RADIO VOCAL<\/td>\n<td>KF-235<br \/>\nTELECOMMANDE<br \/>\nAFFICHAGE ETAT<\/td>\n<td>KF-234<br \/>\nTELECOMMANDE<\/td>\n<td>BP-102<br \/>\nTELECOMMANDE +<br \/>\nFONCTION PANIQUE<\/td>\n<td>BP-101<br \/>\nBOUTON<br \/>\nPANIQUE<\/td>\n<\/tr>\n<\/tbody>\n<\/table>\n<table border=\"0\" width=\"100%\">\n<tbody>\n<tr align=\"center\">\n<td><img loading=\"lazy\" decoding=\"async\" src=\"http:\/\/www.cervstratel.com\/wp-content\/uploads\/2021\/09\/mcs730.gif\" alt=\"\" width=\"115\" height=\"46\" \/><\/td>\n<td><img loading=\"lazy\" decoding=\"async\" src=\"http:\/\/www.cervstratel.com\/wp-content\/uploads\/2021\/09\/SR720.gif\" alt=\"\" width=\"115\" height=\"46\" \/><\/td>\n<\/tr>\n<tr align=\"center\">\n<td>SR-740<br \/>\nSIRENE EXTERIEURE<\/td>\n<td>SR-720B<br \/>\nSIRENE INTERIEURE<\/td>\n<\/tr>\n<\/tbody>\n<\/table>\n<hr \/>\n<h1>P\u00e9riph\u00e9riques bus<\/h1>\n<table border=\"0\" width=\"100%\">\n<tbody>\n<tr align=\"center\">\n<td><img loading=\"lazy\" decoding=\"async\" src=\"http:\/\/www.cervstratel.com\/wp-content\/uploads\/2017\/10\/HS2LCD.gif\" alt=\"\" width=\"115\" height=\"46\" \/><\/td>\n<td><img loading=\"lazy\" decoding=\"async\" src=\"http:\/\/www.cervstratel.com\/wp-content\/uploads\/2017\/10\/HS2LCD.gif\" alt=\"\" width=\"115\" height=\"46\" \/><\/td>\n<td><\/td>\n<\/tr>\n<tr align=\"center\">\n<td>HS2LCDRF<br \/>\nCLAVIER BUS AVEC<br \/>\nRECEPTEUR RADIO<\/td>\n<td>HS2LCD<br \/>\nCLAVIER BUS<\/td>\n<td><\/td>\n<\/tr>\n<tr align=\"center\">\n<td><img loading=\"lazy\" decoding=\"async\" src=\"http:\/\/www.cervstratel.com\/wp-content\/uploads\/2021\/09\/SR720.gif\" alt=\"\" width=\"115\" height=\"46\" \/><\/td>\n<\/tr>\n<tr align=\"center\">\n<td>VHOST8<br \/>\nRECEPTEUR RADIO<\/td>\n<\/tr>\n<\/tbody>\n<\/table>\n<table border=\"0\" width=\"100%\">\n<tbody>\n<tr align=\"center\">\n<td width=\"100\"><img loading=\"lazy\" decoding=\"async\" src=\"http:\/\/www.cervstratel.com\/wp-content\/uploads\/2017\/10\/TL280.gif\" alt=\"\" width=\"115\" height=\"46\" \/><\/td>\n<td><img loading=\"lazy\" decoding=\"async\" src=\"http:\/\/www.cervstratel.com\/wp-content\/uploads\/2017\/10\/TL2803G.gif\" alt=\"\" width=\"115\" height=\"46\" \/><\/td>\n<td><img loading=\"lazy\" decoding=\"async\" src=\"http:\/\/www.cervstratel.com\/wp-content\/uploads\/2017\/10\/TL2803G.gif\" alt=\"\" width=\"115\" height=\"46\" \/><\/td>\n<\/tr>\n<tr align=\"center\">\n<td>TL280<br \/>\nMODULE IP<\/td>\n<td>3G2080<br \/>\nGSM\/GSPRS\/3G<\/td>\n<td>TL2803G<br \/>\nMODULE IP<br \/>\nGMS\/GPRS\/3G<\/td>\n<\/tr>\n<\/tbody>\n<\/table>\n<table border=\"0\" width=\"100%\">\n<tbody>\n<tr align=\"center\">\n<td><img loading=\"lazy\" decoding=\"async\" src=\"http:\/\/www.cervstratel.com\/wp-content\/uploads\/2017\/10\/HSM2108.jpg\" alt=\"\" width=\"115\" height=\"46\" \/><\/td>\n<td><img loading=\"lazy\" decoding=\"async\" src=\"http:\/\/www.cervstratel.com\/wp-content\/uploads\/2017\/10\/HSM2108.jpg\" alt=\"\" width=\"115\" height=\"46\" \/><\/td>\n<td><img loading=\"lazy\" decoding=\"async\" src=\"http:\/\/www.cervstratel.com\/wp-content\/uploads\/2017\/10\/HSM2204.gif\" alt=\"\" width=\"115\" height=\"46\" \/><\/td>\n<\/tr>\n<tr align=\"center\" valign=\"top\">\n<td>HSM 2108<br \/>\nEXTENSION 8 ZONES<\/td>\n<td>HSM2208<br \/>\nEXTENSION 8 SORTIES<\/td>\n<td>HSM2204<br \/>\nALIMENTATION + 4<br \/>\nSORTIES<\/td>\n<\/tr>\n<\/tbody>\n<\/table>\n<hr \/>\n<h1>Application Smartphone<\/h1>\n<table border=\"0\" width=\"100%\">\n<tbody>\n<tr align=\"center\">\n<td><img loading=\"lazy\" decoding=\"async\" src=\"http:\/\/www.cervstratel.com\/wp-content\/uploads\/2021\/09\/aplli_visonic_1.png\" alt=\"\" width=\"115\" height=\"46\" \/><\/td>\n<td><img loading=\"lazy\" decoding=\"async\" src=\"http:\/\/www.cervstratel.com\/wp-content\/uploads\/2021\/09\/aplli_visonic_2.png\" alt=\"\" width=\"115\" height=\"46\" \/><\/td>\n<td><img loading=\"lazy\" decoding=\"async\" src=\"http:\/\/www.cervstratel.com\/wp-content\/uploads\/2021\/09\/aplli_visonic_3.png\" alt=\"\" width=\"115\" height=\"46\" \/><\/td>\n<\/tr>\n<\/tbody>\n<\/table>\n<hr \/>\n<p><span style=\"text-decoration: underline;\"><a href=\"#\"> <big>Haut de page<\/big> <\/a><\/span><\/p>\n","protected":false},"excerpt":{"rendered":"<p>T\u00e9l\u00e9charger le fichier au format .pdf Centrale Visonic Hybride HS2016, HS2064, HS2218 caract\u00e9ristiques \u2022 Centrale 16 \u00e0 128 zones \u2022 Technologie PowerG \u2022 Installation rapide Application smartphone \u2022 Lev\u00e9e de doute vid\u00e9o \u2022 Interphonie via le GSM ou le RTC \u2022 Communicateur Cellulaire et IP \u2022 Programmation locale ou distante \u2022 Cryptage AES 128bits (radio, [&hellip;]<\/p>\n","protected":false},"author":3,"featured_media":0,"parent":0,"menu_order":0,"comment_status":"closed","ping_status":"closed","template":"templates\/template-sidebar-none.php","meta":{"footnotes":""},"class_list":["post-990","page","type-page","status-publish","hentry"],"_links":{"self":[{"href":"https:\/\/www.cervstratel.com\/index.php?rest_route=\/wp\/v2\/pages\/990","targetHints":{"allow":["GET"]}}],"collection":[{"href":"https:\/\/www.cervstratel.com\/index.php?rest_route=\/wp\/v2\/pages"}],"about":[{"href":"https:\/\/www.cervstratel.com\/index.php?rest_route=\/wp\/v2\/types\/page"}],"author":[{"embeddable":true,"href":"https:\/\/www.cervstratel.com\/index.php?rest_route=\/wp\/v2\/users\/3"}],"replies":[{"embeddable":true,"href":"https:\/\/www.cervstratel.com\/index.php?rest_route=%2Fwp%2Fv2%2Fcomments&post=990"}],"version-history":[{"count":82,"href":"https:\/\/www.cervstratel.com\/index.php?rest_route=\/wp\/v2\/pages\/990\/revisions"}],"predecessor-version":[{"id":1117,"href":"https:\/\/www.cervstratel.com\/index.php?rest_route=\/wp\/v2\/pages\/990\/revisions\/1117"}],"wp:attachment":[{"href":"https:\/\/www.cervstratel.com\/index.php?rest_route=%2Fwp%2Fv2%2Fmedia&parent=990"}],"curies":[{"name":"wp","href":"https:\/\/api.w.org\/{rel}","templated":true}]}}